{"id":18293,"date":"2020-04-13T20:22:16","date_gmt":"2020-04-13T18:22:16","guid":{"rendered":"https:\/\/www.lepicerieduphare.fr\/?post_type=product&#038;p=18293"},"modified":"2021-10-04T12:34:57","modified_gmt":"2021-10-04T10:34:57","slug":"decollete-charnel-infusion-rooibos-agrumes-copie","status":"publish","type":"product","link":"https:\/\/www.lepicerieduphare.fr\/accueil\/produit\/chocolat-brest-idee-cadeaux\/decollete-charnel-infusion-rooibos-agrumes-copie\/","title":{"rendered":"TISANE DE MATHILDE"},"content":{"rendered":"<h1 class=\"h1\">Tisane de Mathilde<\/h1>\n<div id=\"vue-product-prices\" class=\"product-prices\">\n<div class=\"product-price h5 \">\n<div class=\"current-price\">6,90\u00a0\u20ac<\/div>\n<\/div>\n<\/div>\n<div id=\"product-description-short\">\n<p>D\u00e9couvrez la <strong>tisane <\/strong>de Mathilde, \u00a0une <strong>infusion <\/strong>caract\u00e9ris\u00e9e par des notes v\u00e9g\u00e9tales, et un go\u00fbt de <strong>menthe<\/strong>, <strong>citron <\/strong>et <strong>orange<\/strong>. Parfaite pour adoucir vos <strong>soir\u00e9e <\/strong>d&#8217;hiver ou donner du plaisir \u00e0 vos soir\u00e9e d&#8217;\u00e9t\u00e9.<\/p>\n<\/div>\n<p><b>Ingr\u00e9dients : <\/b> Tilleul, verveine, menthe, citronnelle, fleurs d&#8217;oranger.<\/p>\n<div class=\"product-actions\">\n<form id=\"add-to-cart-or-refresh\" action=\"https:\/\/www.lecomptoirdemathilde.com\/fr\/panier\" method=\"post\">\n<div class=\"product-add-to-cart\"><span class=\"control-label\">\u00a0<\/span><\/div>\n<\/form>\n<\/div>\n<p>&nbsp;<\/p>\n<div class=\"product-actions\">\n<form id=\"add-to-cart-or-refresh\" action=\"https:\/\/www.lecomptoirdemathilde.com\/fr\/panier\" method=\"post\">\n<div class=\"product-variants\"><\/div>\n<div class=\"product-add-to-cart\"><span class=\"control-label\">\u00a0<\/span><\/div>\n<\/form>\n<\/div>\n<p>&nbsp;<\/p>\n<h3 id=\"nutritional-values\" class=\"h5\"><\/h3>\n<p>&nbsp;<\/p>\n<p>&nbsp;<\/p>\n<p>&nbsp;<\/p>\n<p>&nbsp;<\/p>\n<div id=\"product-description-short\">\n<div id=\"product-description-short\">\n<p>&nbsp;<\/p>\n<\/div>\n<\/div>\n<div id=\"product-description-short\">\n<p>&nbsp;<\/p>\n<\/div>\n","protected":false},"excerpt":{"rendered":"<h1 class=\"h1\">Tisane de Mathilde<\/h1>\n<div id=\"vue-product-prices\" class=\"product-prices\">\n<div class=\"product-price h5 \">\n<div class=\"current-price\">6,90\u00a0\u20ac<\/div>\n<\/div>\n<\/div>\n<div id=\"product-description-short\">\n<p>D\u00e9couvrez la <strong>tisane <\/strong>de Mathilde, \u00a0une <strong>infusion <\/strong>caract\u00e9ris\u00e9e par des notes v\u00e9g\u00e9tales, et un go\u00fbt de <strong>menthe<\/strong>, <strong>citron <\/strong>et <strong>orange<\/strong>. Parfaite pour adoucir vos <strong>soir\u00e9e <\/strong>d&#8217;hiver ou donner du plaisir \u00e0 vos soir\u00e9e d&#8217;\u00e9t\u00e9.<\/p>\n<\/div>\n<p>&nbsp;<\/p>\n<p>&nbsp;<\/p>\n<div class=\"product-actions\">\n<form id=\"add-to-cart-or-refresh\" action=\"https:\/\/www.lecomptoirdemathilde.com\/fr\/panier\" method=\"post\">\n<div class=\"product-add-to-cart\"><span class=\"control-label\">\u00a0<\/span><\/div>\n<\/form>\n<\/div>\n<p>&nbsp;<\/p>\n<p>&nbsp;<\/p>\n<div class=\"product-actions\">\n<form id=\"add-to-cart-or-refresh\" action=\"https:\/\/www.lecomptoirdemathilde.com\/fr\/panier\" method=\"post\">\n<div class=\"product-variants\"><\/div>\n<div class=\"product-add-to-cart\"><span class=\"control-label\">\u00a0<\/span><\/div>\n<\/form>\n<\/div>\n<p>&nbsp;<\/p>\n<p>&nbsp;<\/p>\n<p>&nbsp;<\/p>\n<p>&nbsp;<\/p>\n<p>&nbsp;<\/p>\n<p>&nbsp;<\/p>\n<p>&nbsp;<\/p>\n<p>&nbsp;<\/p>\n<div id=\"product-description-short\">\n<div id=\"vue-product-prices\" class=\"product-prices\">\n<div class=\"product-price h5 \"><\/div>\n<\/div>\n<div id=\"product-description-short\">\n<div id=\"product-description-short\">\n<div id=\"product-description-short\">\n<div id=\"product-description-short\">\n<div id=\"product-description-short\">\n<p>&nbsp;<\/p>\n<\/div>\n<\/div>\n<\/div>\n<\/div>\n<\/div>\n<\/div>\n","protected":false},"featured_media":18294,"template":"","meta":{"_monsterinsights_skip_tracking":false,"_monsterinsights_sitenote_active":false,"_monsterinsights_sitenote_note":"","_monsterinsights_sitenote_category":0},"product_brand":[],"product_cat":[118],"product_tag":[],"class_list":{"0":"post-18293","1":"product","2":"type-product","3":"status-publish","4":"has-post-thumbnail","6":"product_cat-thes","8":"first","9":"instock","10":"shipping-taxable","11":"purchasable","12":"product-type-simple"},"jetpack_sharing_enabled":true,"_links":{"self":[{"href":"https:\/\/www.lepicerieduphare.fr\/accueil\/wp-json\/wp\/v2\/product\/18293","targetHints":{"allow":["GET"]}}],"collection":[{"href":"https:\/\/www.lepicerieduphare.fr\/accueil\/wp-json\/wp\/v2\/product"}],"about":[{"href":"https:\/\/www.lepicerieduphare.fr\/accueil\/wp-json\/wp\/v2\/types\/product"}],"version-history":[{"count":0,"href":"https:\/\/www.lepicerieduphare.fr\/accueil\/wp-json\/wp\/v2\/product\/18293\/revisions"}],"wp:featuredmedia":[{"embeddable":true,"href":"https:\/\/www.lepicerieduphare.fr\/accueil\/wp-json\/wp\/v2\/media\/18294"}],"wp:attachment":[{"href":"https:\/\/www.lepicerieduphare.fr\/accueil\/wp-json\/wp\/v2\/media?parent=18293"}],"wp:term":[{"taxonomy":"product_brand","embeddable":true,"href":"https:\/\/www.lepicerieduphare.fr\/accueil\/wp-json\/wp\/v2\/product_brand?post=18293"},{"taxonomy":"product_cat","embeddable":true,"href":"https:\/\/www.lepicerieduphare.fr\/accueil\/wp-json\/wp\/v2\/product_cat?post=18293"},{"taxonomy":"product_tag","embeddable":true,"href":"https:\/\/www.lepicerieduphare.fr\/accueil\/wp-json\/wp\/v2\/product_tag?post=18293"}],"curies":[{"name":"wp","href":"https:\/\/api.w.org\/{rel}","templated":true}]}}