{"id":18276,"date":"2020-04-13T19:11:33","date_gmt":"2020-04-13T17:11:33","guid":{"rendered":"https:\/\/www.lepicerieduphare.fr\/?post_type=product&#038;p=18276"},"modified":"2021-10-04T12:36:21","modified_gmt":"2021-10-04T10:36:21","slug":"terrine-au-jus-de-truffes-noires-aromatisee-3-220g-copie","status":"publish","type":"product","link":"https:\/\/www.lepicerieduphare.fr\/accueil\/produit\/chocolat-brest-idee-cadeaux\/terrine-au-jus-de-truffes-noires-aromatisee-3-220g-copie\/","title":{"rendered":"Moutarde \u00e0 l&#8217;huile d&#8217;olive Piment d&#8217;Espelette AOC 100G"},"content":{"rendered":"<h1 class=\"h1\">Moutarde \u00e0 l&#8217;huile d&#8217;olive Piment d&#8217;Espelette AOC<\/h1>\n<div id=\"vue-product-prices\" class=\"product-prices\">\n<div class=\"product-price h5 \">\n<div class=\"current-price\">5,90\u00a0\u20ac<\/div>\n<\/div>\n<\/div>\n<div id=\"product-description-short\">\n<p>Une d\u00e9licieuse <strong>moutarde<\/strong> \u00a0\u00e0 l&#8217;<strong>huile d&#8217;olive<\/strong> agr\u00e9ment\u00e9e de\u00a0<strong>Piment<\/strong> <strong>d&#8217;Espelette<\/strong> <strong>AOC<\/strong> , pour des vinaigrettes et des pr\u00e9parations culinaires qui raviront les papilles de votre entourage !<\/p>\n<p>Le savez-vous ? L&#8217;appellation d&#8217;origine contr\u00f4l\u00e9e est un label qui permet de mieux identifier les produits dont les \u00e9tapes de fabrications sont men\u00e9es dans une m\u00eame zone g\u00e9ographique ; et surtout selon un <strong>savoir-faire<\/strong> bien reconnu. Avec le respect d&#8217;un cahier des charges strict, ce <strong>label officiel fran\u00e7ais<\/strong> permet de r\u00e9pondre \u00e0 des exigences europ\u00e9ennes de types AOP.<\/p>\n<p>L&#8217;assurance d&#8217;une gamme de moutarde \u00e0 l&#8217;huile d&#8217;olive de <strong>qualit\u00e9<\/strong> !<\/p>\n<\/div>\n<p>&nbsp;<\/p>\n<p>&nbsp;<\/p>\n<p>&nbsp;<\/p>\n<p>&nbsp;<\/p>\n<p>&nbsp;<\/p>\n<p>&nbsp;<\/p>\n<p>&nbsp;<\/p>\n<div id=\"product-description-short\">\n<div id=\"product-description-short\">\n<p>&nbsp;<\/p>\n<\/div>\n<\/div>\n<div id=\"product-description-short\">\n<p>&nbsp;<\/p>\n<\/div>\n","protected":false},"excerpt":{"rendered":"<h1 class=\"h1\">Moutarde \u00e0 l&#8217;huile d&#8217;olive Piment d&#8217;Espelette AOC<\/h1>\n<div id=\"vue-product-prices\" class=\"product-prices\">\n<div class=\"product-price h5 \">\n<div class=\"current-price\">5,90\u00a0\u20ac<\/div>\n<\/div>\n<\/div>\n<div id=\"product-description-short\">\n<p>Une d\u00e9licieuse <strong>moutarde<\/strong> \u00a0\u00e0 l&#8217;<strong>huile d&#8217;olive<\/strong> agr\u00e9ment\u00e9e de\u00a0<strong>Piment<\/strong> <strong>d&#8217;Espelette<\/strong> <strong>AOC<\/strong> , pour des vinaigrettes et des pr\u00e9parations culinaires qui raviront les papilles de votre entourage !<\/p>\n<p>Le savez-vous ? L&#8217;appellation d&#8217;origine contr\u00f4l\u00e9e est un label qui permet de mieux identifier les produits dont les \u00e9tapes de fabrications sont men\u00e9es dans une m\u00eame zone g\u00e9ographique ; et surtout selon un <strong>savoir-faire<\/strong> bien reconnu. Avec le respect d&#8217;un cahier des charges strict, ce <strong>label officiel fran\u00e7ais<\/strong> permet de r\u00e9pondre \u00e0 des exigences europ\u00e9ennes de types AOP.<\/p>\n<p>L&#8217;assurance d&#8217;une gamme de moutarde \u00e0 l&#8217;huile d&#8217;olive de <strong>qualit\u00e9<\/strong> !<\/p>\n<\/div>\n<p>&nbsp;<\/p>\n<p>&nbsp;<\/p>\n<p>&nbsp;<\/p>\n<p>&nbsp;<\/p>\n<p>&nbsp;<\/p>\n<p>&nbsp;<\/p>\n<p>&nbsp;<\/p>\n<div id=\"product-description-short\">\n<div id=\"vue-product-prices\" class=\"product-prices\">\n<div class=\"product-price h5 \"><\/div>\n<\/div>\n<div id=\"product-description-short\">\n<div id=\"product-description-short\">\n<div id=\"product-description-short\">\n<div id=\"product-description-short\">\n<div id=\"product-description-short\">\n<p>&nbsp;<\/p>\n<\/div>\n<\/div>\n<\/div>\n<\/div>\n<\/div>\n<\/div>\n","protected":false},"featured_media":18277,"template":"","meta":{"_monsterinsights_skip_tracking":false,"_monsterinsights_sitenote_active":false,"_monsterinsights_sitenote_note":"","_monsterinsights_sitenote_category":0},"product_brand":[],"product_cat":[147],"product_tag":[],"class_list":{"0":"post-18276","1":"product","2":"type-product","3":"status-publish","4":"has-post-thumbnail","6":"product_cat-moutarde","8":"first","9":"instock","10":"shipping-taxable","11":"purchasable","12":"product-type-simple"},"jetpack_sharing_enabled":true,"_links":{"self":[{"href":"https:\/\/www.lepicerieduphare.fr\/accueil\/wp-json\/wp\/v2\/product\/18276","targetHints":{"allow":["GET"]}}],"collection":[{"href":"https:\/\/www.lepicerieduphare.fr\/accueil\/wp-json\/wp\/v2\/product"}],"about":[{"href":"https:\/\/www.lepicerieduphare.fr\/accueil\/wp-json\/wp\/v2\/types\/product"}],"version-history":[{"count":0,"href":"https:\/\/www.lepicerieduphare.fr\/accueil\/wp-json\/wp\/v2\/product\/18276\/revisions"}],"wp:featuredmedia":[{"embeddable":true,"href":"https:\/\/www.lepicerieduphare.fr\/accueil\/wp-json\/wp\/v2\/media\/18277"}],"wp:attachment":[{"href":"https:\/\/www.lepicerieduphare.fr\/accueil\/wp-json\/wp\/v2\/media?parent=18276"}],"wp:term":[{"taxonomy":"product_brand","embeddable":true,"href":"https:\/\/www.lepicerieduphare.fr\/accueil\/wp-json\/wp\/v2\/product_brand?post=18276"},{"taxonomy":"product_cat","embeddable":true,"href":"https:\/\/www.lepicerieduphare.fr\/accueil\/wp-json\/wp\/v2\/product_cat?post=18276"},{"taxonomy":"product_tag","embeddable":true,"href":"https:\/\/www.lepicerieduphare.fr\/accueil\/wp-json\/wp\/v2\/product_tag?post=18276"}],"curies":[{"name":"wp","href":"https:\/\/api.w.org\/{rel}","templated":true}]}}