{"id":18274,"date":"2020-04-13T19:06:43","date_gmt":"2020-04-13T17:06:43","guid":{"rendered":"https:\/\/www.lepicerieduphare.fr\/?post_type=product&#038;p=18274"},"modified":"2022-01-11T09:11:58","modified_gmt":"2022-01-11T08:11:58","slug":"papillote-de-pates-a-tartiner-3-x-30g-copie","status":"publish","type":"product","link":"https:\/\/www.lepicerieduphare.fr\/accueil\/produit\/chocolat-brest-idee-cadeaux\/papillote-de-pates-a-tartiner-3-x-30g-copie\/","title":{"rendered":"Coffret les Mathildettes 4 x 30g &#8211; P\u00e2te \u00e0 Tartiner"},"content":{"rendered":"<h1 class=\"h1\">Coffret les Mathildettes 4 x 30g &#8211; P\u00e2te \u00e0 Tartiner<\/h1>\n<div id=\"product-description-short\">\n<p>Le Comptoir de Mathilde est le sp\u00e9cialiste de la p\u00e2te \u00e0 tartiner artisanale SANS huile de palme NI OGM. Confectionn\u00e9e \u00e0 partir d&#8217;ingr\u00e9dients de qualit\u00e9, cette p\u00e2te \u00e0 tartiner lait noisette est \u00e0 d\u00e9guster sans mod\u00e9ration.<\/p>\n<\/div>\n","protected":false},"excerpt":{"rendered":"<p>Coffret les Mathildettes 4 x 30g &#8211; P\u00e2te \u00e0 Tartiner Le Comptoir de Mathilde est le sp\u00e9cialiste de la p\u00e2te \u00e0&#8230;<\/p>\n","protected":false},"featured_media":18275,"template":"","meta":{"_monsterinsights_skip_tracking":false,"_monsterinsights_sitenote_active":false,"_monsterinsights_sitenote_note":"","_monsterinsights_sitenote_category":0},"product_brand":[],"product_cat":[124],"product_tag":[],"class_list":{"0":"post-18274","1":"product","2":"type-product","3":"status-publish","4":"has-post-thumbnail","6":"product_cat-pates-a-tartiner","8":"first","9":"instock","10":"shipping-taxable","11":"purchasable","12":"product-type-simple"},"jetpack_sharing_enabled":true,"_links":{"self":[{"href":"https:\/\/www.lepicerieduphare.fr\/accueil\/wp-json\/wp\/v2\/product\/18274","targetHints":{"allow":["GET"]}}],"collection":[{"href":"https:\/\/www.lepicerieduphare.fr\/accueil\/wp-json\/wp\/v2\/product"}],"about":[{"href":"https:\/\/www.lepicerieduphare.fr\/accueil\/wp-json\/wp\/v2\/types\/product"}],"version-history":[{"count":1,"href":"https:\/\/www.lepicerieduphare.fr\/accueil\/wp-json\/wp\/v2\/product\/18274\/revisions"}],"predecessor-version":[{"id":20222,"href":"https:\/\/www.lepicerieduphare.fr\/accueil\/wp-json\/wp\/v2\/product\/18274\/revisions\/20222"}],"wp:featuredmedia":[{"embeddable":true,"href":"https:\/\/www.lepicerieduphare.fr\/accueil\/wp-json\/wp\/v2\/media\/18275"}],"wp:attachment":[{"href":"https:\/\/www.lepicerieduphare.fr\/accueil\/wp-json\/wp\/v2\/media?parent=18274"}],"wp:term":[{"taxonomy":"product_brand","embeddable":true,"href":"https:\/\/www.lepicerieduphare.fr\/accueil\/wp-json\/wp\/v2\/product_brand?post=18274"},{"taxonomy":"product_cat","embeddable":true,"href":"https:\/\/www.lepicerieduphare.fr\/accueil\/wp-json\/wp\/v2\/product_cat?post=18274"},{"taxonomy":"product_tag","embeddable":true,"href":"https:\/\/www.lepicerieduphare.fr\/accueil\/wp-json\/wp\/v2\/product_tag?post=18274"}],"curies":[{"name":"wp","href":"https:\/\/api.w.org\/{rel}","templated":true}]}}