{"id":18257,"date":"2020-04-13T18:36:04","date_gmt":"2020-04-13T16:36:04","guid":{"rendered":"https:\/\/www.lepicerieduphare.fr\/?post_type=product&#038;p=18257"},"modified":"2020-11-16T21:59:13","modified_gmt":"2020-11-16T20:59:13","slug":"peche-yuzu-graines-de-chia-confiture-290g-copie-2","status":"publish","type":"product","link":"https:\/\/www.lepicerieduphare.fr\/accueil\/produit\/chocolat-brest-idee-cadeaux\/peche-yuzu-graines-de-chia-confiture-290g-copie-2\/","title":{"rendered":"So Frenchy 100% Noisettes Fran\u00e7aises 250G"},"content":{"rendered":"<h1 class=\"h1\">So Frenchy 100% Noisettes Fran\u00e7aises<\/h1>\n<div id=\"product-description-short\">\n<p>EDITION LIMITEE!<\/p>\n<p>D\u00e9couvrez notre p\u00e2te \u00e0 tartiner r\u00e9alis\u00e9e \u00e0 <strong>100% avec des noisettes Fran\u00e7aises<\/strong> !<\/p>\n<p>La p\u00e2te de noisette est issue d\u2019un broyage de la noisette brute. Son go\u00fbt plus rond et doux met en avant tout le fruit sec, sans artifice \u2026 Un fruit \u00e0 l\u2019\u00e9tat pur qui r\u00e9v\u00e8le toute la naturalit\u00e9 du fruit.<\/p>\n<p>\u00ab\u00a0So frenchy\u00a0\u00bb\u00a0?<\/p>\n<p>Par ses noisettes mais aussi, gr\u00e2ce \u00e0 notre fabrication Fran\u00e7aise\u00a0! Dans <strong>le respect de la tradition<\/strong> et de <strong>mani\u00e8re artisanale<\/strong>, notre p\u00e2te \u00e0 tartiner est bien \u00e9videmment <strong>sans huile de palme et sans OGM<\/strong> !<\/p>\n<\/div>\n<p><b>Ingr\u00e9dients : <\/b> Sucre, p\u00e2te de NOISETTES 30%, graisses v\u00e9g\u00e9tales (huiles : tournesol, grignon d&#8217;olives, carthame et beurre de cacao), LAIT \u00e9cr\u00e9m\u00e9 en poudre 11%, cacao maigre en poudre, \u00e9mulsifiant : l\u00e9cithine de SOJA.<\/p>\n<p>&nbsp;<\/p>\n<p>&nbsp;<\/p>\n<p>&nbsp;<\/p>\n<div class=\"product-actions\">\n<form id=\"add-to-cart-or-refresh\" action=\"https:\/\/www.lecomptoirdemathilde.com\/fr\/panier\" method=\"post\">\n<div class=\"product-add-to-cart\"><span class=\"control-label\">\u00a0<\/span><\/div>\n<\/form>\n<\/div>\n<p>&nbsp;<\/p>\n<div class=\"product-actions\">\n<form id=\"add-to-cart-or-refresh\" action=\"https:\/\/www.lecomptoirdemathilde.com\/fr\/panier\" method=\"post\">\n<div class=\"product-variants\"><\/div>\n<div class=\"product-add-to-cart\"><span class=\"control-label\">\u00a0<\/span><\/div>\n<\/form>\n<\/div>\n<p>&nbsp;<\/p>\n<h3 id=\"nutritional-values\" class=\"h5\"><\/h3>\n<p>&nbsp;<\/p>\n<p>&nbsp;<\/p>\n<p>&nbsp;<\/p>\n<p>&nbsp;<\/p>\n<div id=\"product-description-short\">\n<div id=\"product-description-short\">\n<p>&nbsp;<\/p>\n<\/div>\n<\/div>\n<div id=\"product-description-short\">\n<p>&nbsp;<\/p>\n<\/div>\n","protected":false},"excerpt":{"rendered":"<h1 class=\"h1\">So Frenchy 100% Noisettes Fran\u00e7aises<\/h1>\n<div id=\"product-description-short\">\n<p>D\u00e9couvrez notre p\u00e2te \u00e0 tartiner r\u00e9alis\u00e9e \u00e0 <strong>100% avec des noisettes Fran\u00e7aises<\/strong> !<\/p>\n<p>La p\u00e2te de noisette est issue d\u2019un broyage de la noisette brute. Son go\u00fbt plus rond et doux met en avant tout le fruit sec, sans artifice \u2026 Un fruit \u00e0 l\u2019\u00e9tat pur qui r\u00e9v\u00e8le toute la naturalit\u00e9 du fruit.<\/p>\n<p>\u00ab\u00a0So frenchy\u00a0\u00bb\u00a0?<\/p>\n<p>Par ses noisettes mais aussi, gr\u00e2ce \u00e0 notre fabrication Fran\u00e7aise\u00a0! Dans <strong>le respect de la tradition<\/strong> et de <strong>mani\u00e8re artisanale<\/strong>, notre p\u00e2te \u00e0 tartiner est bien \u00e9videmment <strong>sans huile de palme et sans OGM<\/strong> !<\/p>\n<\/div>\n<p>&nbsp;<\/p>\n<p>&nbsp;<\/p>\n<p>&nbsp;<\/p>\n<p>&nbsp;<\/p>\n<p>&nbsp;<\/p>\n<p>&nbsp;<\/p>\n<p>&nbsp;<\/p>\n<p>&nbsp;<\/p>\n<p>&nbsp;<\/p>\n<p>&nbsp;<\/p>\n<p>&nbsp;<\/p>\n<p>&nbsp;<\/p>\n<p>&nbsp;<\/p>\n<div class=\"product-actions\">\n<form id=\"add-to-cart-or-refresh\" action=\"https:\/\/www.lecomptoirdemathilde.com\/fr\/panier\" method=\"post\">\n<div class=\"product-add-to-cart\"><span class=\"control-label\">\u00a0<\/span><\/div>\n<\/form>\n<\/div>\n<p>&nbsp;<\/p>\n<p>&nbsp;<\/p>\n<div class=\"product-actions\">\n<form id=\"add-to-cart-or-refresh\" action=\"https:\/\/www.lecomptoirdemathilde.com\/fr\/panier\" method=\"post\">\n<div class=\"product-variants\"><\/div>\n<div class=\"product-add-to-cart\"><span class=\"control-label\">\u00a0<\/span><\/div>\n<\/form>\n<\/div>\n<p>&nbsp;<\/p>\n<p>&nbsp;<\/p>\n<p>&nbsp;<\/p>\n<p>&nbsp;<\/p>\n<p>&nbsp;<\/p>\n<p>&nbsp;<\/p>\n<p>&nbsp;<\/p>\n<p>&nbsp;<\/p>\n<div id=\"product-description-short\">\n<div id=\"vue-product-prices\" class=\"product-prices\">\n<div class=\"product-price h5 \"><\/div>\n<\/div>\n<div id=\"product-description-short\">\n<div id=\"product-description-short\">\n<div id=\"product-description-short\">\n<div id=\"product-description-short\">\n<div id=\"product-description-short\">\n<p>&nbsp;<\/p>\n<\/div>\n<\/div>\n<\/div>\n<\/div>\n<\/div>\n<\/div>\n","protected":false},"featured_media":18258,"template":"","meta":{"_monsterinsights_skip_tracking":false,"_monsterinsights_sitenote_active":false,"_monsterinsights_sitenote_note":"","_monsterinsights_sitenote_category":0},"product_brand":[],"product_cat":[124],"product_tag":[],"class_list":{"0":"post-18257","1":"product","2":"type-product","3":"status-publish","4":"has-post-thumbnail","6":"product_cat-pates-a-tartiner","8":"first","9":"instock","10":"shipping-taxable","11":"purchasable","12":"product-type-simple"},"jetpack_sharing_enabled":true,"_links":{"self":[{"href":"https:\/\/www.lepicerieduphare.fr\/accueil\/wp-json\/wp\/v2\/product\/18257","targetHints":{"allow":["GET"]}}],"collection":[{"href":"https:\/\/www.lepicerieduphare.fr\/accueil\/wp-json\/wp\/v2\/product"}],"about":[{"href":"https:\/\/www.lepicerieduphare.fr\/accueil\/wp-json\/wp\/v2\/types\/product"}],"version-history":[{"count":0,"href":"https:\/\/www.lepicerieduphare.fr\/accueil\/wp-json\/wp\/v2\/product\/18257\/revisions"}],"wp:featuredmedia":[{"embeddable":true,"href":"https:\/\/www.lepicerieduphare.fr\/accueil\/wp-json\/wp\/v2\/media\/18258"}],"wp:attachment":[{"href":"https:\/\/www.lepicerieduphare.fr\/accueil\/wp-json\/wp\/v2\/media?parent=18257"}],"wp:term":[{"taxonomy":"product_brand","embeddable":true,"href":"https:\/\/www.lepicerieduphare.fr\/accueil\/wp-json\/wp\/v2\/product_brand?post=18257"},{"taxonomy":"product_cat","embeddable":true,"href":"https:\/\/www.lepicerieduphare.fr\/accueil\/wp-json\/wp\/v2\/product_cat?post=18257"},{"taxonomy":"product_tag","embeddable":true,"href":"https:\/\/www.lepicerieduphare.fr\/accueil\/wp-json\/wp\/v2\/product_tag?post=18257"}],"curies":[{"name":"wp","href":"https:\/\/api.w.org\/{rel}","templated":true}]}}