{"id":18254,"date":"2020-04-13T18:31:16","date_gmt":"2020-04-13T16:31:16","guid":{"rendered":"https:\/\/www.lepicerieduphare.fr\/?post_type=product&#038;p=18254"},"modified":"2022-01-11T09:09:25","modified_gmt":"2022-01-11T08:09:25","slug":"peche-yuzu-graines-de-chia-confiture-290g-copie","status":"publish","type":"product","link":"https:\/\/www.lepicerieduphare.fr\/accueil\/produit\/chocolat-brest-idee-cadeaux\/peche-yuzu-graines-de-chia-confiture-290g-copie\/","title":{"rendered":"Tutti Frutti (Abricot &#8211; Fraise &#8211; Framboise &#8211; Poire) &#8211; P\u00e2te de Fruits"},"content":{"rendered":"<h1 class=\"h1\">Tutti Frutti (Abricot &#8211; Fraise &#8211; Framboise &#8211; Poire) &#8211; P\u00e2te de Fruits<\/h1>\n<div id=\"product-description-short\">\n<p>Authentique p\u00e2te de fruits, o\u00f9 l\u2019alliance du fruit et de la gourmandise font un duo parfait ! Une confiserie d\u2019exception pour sublimer la qualit\u00e9 de votre palais.<\/p>\n<\/div>\n<p><b>Ingr\u00e9dients : <\/b> Pulpe de fruit 60,5% (abricot, fraise, framboise ou poire), sucre, sirop de glucose, pectine, acide citrique, ar\u00f4mes naturels.<\/p>\n","protected":false},"excerpt":{"rendered":"<p>Tutti Frutti (Abricot &#8211; Fraise &#8211; Framboise &#8211; Poire) &#8211; P\u00e2te de Fruits Authentique p\u00e2te de fruits, o\u00f9 l\u2019alliance du fruit&#8230;<\/p>\n","protected":false},"featured_media":18255,"template":"","meta":{"_monsterinsights_skip_tracking":false,"_monsterinsights_sitenote_active":false,"_monsterinsights_sitenote_note":"","_monsterinsights_sitenote_category":0},"product_brand":[],"product_cat":[138],"product_tag":[],"class_list":{"0":"post-18254","1":"product","2":"type-product","3":"status-publish","4":"has-post-thumbnail","6":"product_cat-biscuits","8":"first","9":"instock","10":"shipping-taxable","11":"purchasable","12":"product-type-simple"},"jetpack_sharing_enabled":true,"_links":{"self":[{"href":"https:\/\/www.lepicerieduphare.fr\/accueil\/wp-json\/wp\/v2\/product\/18254","targetHints":{"allow":["GET"]}}],"collection":[{"href":"https:\/\/www.lepicerieduphare.fr\/accueil\/wp-json\/wp\/v2\/product"}],"about":[{"href":"https:\/\/www.lepicerieduphare.fr\/accueil\/wp-json\/wp\/v2\/types\/product"}],"version-history":[{"count":1,"href":"https:\/\/www.lepicerieduphare.fr\/accueil\/wp-json\/wp\/v2\/product\/18254\/revisions"}],"predecessor-version":[{"id":20219,"href":"https:\/\/www.lepicerieduphare.fr\/accueil\/wp-json\/wp\/v2\/product\/18254\/revisions\/20219"}],"wp:featuredmedia":[{"embeddable":true,"href":"https:\/\/www.lepicerieduphare.fr\/accueil\/wp-json\/wp\/v2\/media\/18255"}],"wp:attachment":[{"href":"https:\/\/www.lepicerieduphare.fr\/accueil\/wp-json\/wp\/v2\/media?parent=18254"}],"wp:term":[{"taxonomy":"product_brand","embeddable":true,"href":"https:\/\/www.lepicerieduphare.fr\/accueil\/wp-json\/wp\/v2\/product_brand?post=18254"},{"taxonomy":"product_cat","embeddable":true,"href":"https:\/\/www.lepicerieduphare.fr\/accueil\/wp-json\/wp\/v2\/product_cat?post=18254"},{"taxonomy":"product_tag","embeddable":true,"href":"https:\/\/www.lepicerieduphare.fr\/accueil\/wp-json\/wp\/v2\/product_tag?post=18254"}],"curies":[{"name":"wp","href":"https:\/\/api.w.org\/{rel}","templated":true}]}}