{"id":18247,"date":"2020-04-13T18:18:12","date_gmt":"2020-04-13T16:18:12","guid":{"rendered":"https:\/\/www.lepicerieduphare.fr\/?post_type=product&#038;p=18247"},"modified":"2022-05-27T15:09:53","modified_gmt":"2022-05-27T13:09:53","slug":"myrtille-sauvage-confiture-290g-copie","status":"publish","type":"product","link":"https:\/\/www.lepicerieduphare.fr\/accueil\/produit\/chocolat-brest-idee-cadeaux\/myrtille-sauvage-confiture-290g-copie\/","title":{"rendered":"FRAISE FRAISE DES BOIS &#8211; Confiture 290G"},"content":{"rendered":"<h1 class=\"h1\">FRAISE FRAISE DES BOIS &#8211; Confiture<\/h1>\n<div id=\"product-description-short\">\n<p>Confiture fabriqu\u00e9e en Provence. Parfaite pour \u00eatre tartin\u00e9e au petit-d\u00e9jeuner, lors du go\u00fbter ou pendant un repas sucr\u00e9\/sal\u00e9 !<\/p>\n<\/div>\n<p><b>Ingr\u00e9dients : <\/b> Sucre de canne, fruits (fraise 37%, fraise des bois 13%), g\u00e9lifiant : pectine de fruits, acidifiant : jus concentr\u00e9 de citron.<\/p>\n","protected":false},"excerpt":{"rendered":"<p>FRAISE FRAISE DES BOIS &#8211; Confiture Confiture fabriqu\u00e9e en Provence. Parfaite pour \u00eatre tartin\u00e9e au petit-d\u00e9jeuner, lors du go\u00fbter ou pendant&#8230;<\/p>\n","protected":false},"featured_media":18248,"template":"","meta":{"_monsterinsights_skip_tracking":false,"_monsterinsights_sitenote_active":false,"_monsterinsights_sitenote_note":"","_monsterinsights_sitenote_category":0},"product_brand":[],"product_cat":[154],"product_tag":[],"class_list":{"0":"post-18247","1":"product","2":"type-product","3":"status-publish","4":"has-post-thumbnail","6":"product_cat-confiture","8":"first","9":"instock","10":"shipping-taxable","11":"purchasable","12":"product-type-simple"},"jetpack_sharing_enabled":true,"_links":{"self":[{"href":"https:\/\/www.lepicerieduphare.fr\/accueil\/wp-json\/wp\/v2\/product\/18247","targetHints":{"allow":["GET"]}}],"collection":[{"href":"https:\/\/www.lepicerieduphare.fr\/accueil\/wp-json\/wp\/v2\/product"}],"about":[{"href":"https:\/\/www.lepicerieduphare.fr\/accueil\/wp-json\/wp\/v2\/types\/product"}],"version-history":[{"count":1,"href":"https:\/\/www.lepicerieduphare.fr\/accueil\/wp-json\/wp\/v2\/product\/18247\/revisions"}],"predecessor-version":[{"id":20230,"href":"https:\/\/www.lepicerieduphare.fr\/accueil\/wp-json\/wp\/v2\/product\/18247\/revisions\/20230"}],"wp:featuredmedia":[{"embeddable":true,"href":"https:\/\/www.lepicerieduphare.fr\/accueil\/wp-json\/wp\/v2\/media\/18248"}],"wp:attachment":[{"href":"https:\/\/www.lepicerieduphare.fr\/accueil\/wp-json\/wp\/v2\/media?parent=18247"}],"wp:term":[{"taxonomy":"product_brand","embeddable":true,"href":"https:\/\/www.lepicerieduphare.fr\/accueil\/wp-json\/wp\/v2\/product_brand?post=18247"},{"taxonomy":"product_cat","embeddable":true,"href":"https:\/\/www.lepicerieduphare.fr\/accueil\/wp-json\/wp\/v2\/product_cat?post=18247"},{"taxonomy":"product_tag","embeddable":true,"href":"https:\/\/www.lepicerieduphare.fr\/accueil\/wp-json\/wp\/v2\/product_tag?post=18247"}],"curies":[{"name":"wp","href":"https:\/\/api.w.org\/{rel}","templated":true}]}}