{"id":18245,"date":"2020-04-13T18:15:28","date_gmt":"2020-04-13T16:15:28","guid":{"rendered":"https:\/\/www.lepicerieduphare.fr\/?post_type=product&#038;p=18245"},"modified":"2022-01-11T09:39:56","modified_gmt":"2022-01-11T08:39:56","slug":"figue-noire-confiture-290g-copie","status":"publish","type":"product","link":"https:\/\/www.lepicerieduphare.fr\/accueil\/produit\/chocolat-brest-idee-cadeaux\/figue-noire-confiture-290g-copie\/","title":{"rendered":"MYRTILLE SAUVAGE &#8211; Confiture 290G"},"content":{"rendered":"<h1 class=\"h1\">MYRTILLE SAUVAGE &#8211; Confiture<\/h1>\n<div id=\"product-description-short\">\n<p>Confiture fabriqu\u00e9e en Provence. Parfaite pour \u00eatre tartin\u00e9e au petit-d\u00e9jeuner, lors du go\u00fbter ou pendant un repas sucr\u00e9\/sal\u00e9 !<\/p>\n<\/div>\n<p><b>Ingr\u00e9dients : <\/b> Myrtilles, sucre de canne, g\u00e9lifiant : pectine de fruits.<\/p>\n","protected":false},"excerpt":{"rendered":"<p>MYRTILLE SAUVAGE &#8211; Confiture Confiture fabriqu\u00e9e en Provence. Parfaite pour \u00eatre tartin\u00e9e au petit-d\u00e9jeuner, lors du go\u00fbter ou pendant un repas&#8230;<\/p>\n","protected":false},"featured_media":18246,"template":"","meta":{"_monsterinsights_skip_tracking":false,"_monsterinsights_sitenote_active":false,"_monsterinsights_sitenote_note":"","_monsterinsights_sitenote_category":0},"product_brand":[],"product_cat":[154],"product_tag":[],"class_list":{"0":"post-18245","1":"product","2":"type-product","3":"status-publish","4":"has-post-thumbnail","6":"product_cat-confiture","8":"first","9":"instock","10":"shipping-taxable","11":"purchasable","12":"product-type-simple"},"jetpack_sharing_enabled":true,"_links":{"self":[{"href":"https:\/\/www.lepicerieduphare.fr\/accueil\/wp-json\/wp\/v2\/product\/18245","targetHints":{"allow":["GET"]}}],"collection":[{"href":"https:\/\/www.lepicerieduphare.fr\/accueil\/wp-json\/wp\/v2\/product"}],"about":[{"href":"https:\/\/www.lepicerieduphare.fr\/accueil\/wp-json\/wp\/v2\/types\/product"}],"version-history":[{"count":1,"href":"https:\/\/www.lepicerieduphare.fr\/accueil\/wp-json\/wp\/v2\/product\/18245\/revisions"}],"predecessor-version":[{"id":20229,"href":"https:\/\/www.lepicerieduphare.fr\/accueil\/wp-json\/wp\/v2\/product\/18245\/revisions\/20229"}],"wp:featuredmedia":[{"embeddable":true,"href":"https:\/\/www.lepicerieduphare.fr\/accueil\/wp-json\/wp\/v2\/media\/18246"}],"wp:attachment":[{"href":"https:\/\/www.lepicerieduphare.fr\/accueil\/wp-json\/wp\/v2\/media?parent=18245"}],"wp:term":[{"taxonomy":"product_brand","embeddable":true,"href":"https:\/\/www.lepicerieduphare.fr\/accueil\/wp-json\/wp\/v2\/product_brand?post=18245"},{"taxonomy":"product_cat","embeddable":true,"href":"https:\/\/www.lepicerieduphare.fr\/accueil\/wp-json\/wp\/v2\/product_cat?post=18245"},{"taxonomy":"product_tag","embeddable":true,"href":"https:\/\/www.lepicerieduphare.fr\/accueil\/wp-json\/wp\/v2\/product_tag?post=18245"}],"curies":[{"name":"wp","href":"https:\/\/api.w.org\/{rel}","templated":true}]}}