{"id":18240,"date":"2020-04-13T18:04:21","date_gmt":"2020-04-13T16:04:21","guid":{"rendered":"https:\/\/www.lepicerieduphare.fr\/?post_type=product&#038;p=18240"},"modified":"2022-05-24T14:27:18","modified_gmt":"2022-05-24T12:27:18","slug":"sel-rose-de-lhimalaya-aux-herbes-de-provence-empilable-300g-copie","status":"publish","type":"product","link":"https:\/\/www.lepicerieduphare.fr\/accueil\/produit\/chocolat-brest-idee-cadeaux\/sel-rose-de-lhimalaya-aux-herbes-de-provence-empilable-300g-copie\/","title":{"rendered":"Abricot au Nougat &#8211; Confiture 290G"},"content":{"rendered":"<h1 class=\"h1\">Abricot au Nougat &#8211; Confiture<\/h1>\n<div id=\"product-description-short\">\n<p>Confiture fabriqu\u00e9e en Provence. Parfaite pour \u00eatre tartin\u00e9e au petit-d\u00e9jeuner, lors du go\u00fbter ou pendant un repas sucr\u00e9\/sal\u00e9 !<\/p>\n<\/div>\n<p><b>Ingr\u00e9dients : <\/b> Abricot 49%, sucre de canne, \u00e9clats de nougat enrob\u00e9s de beurre de cacao 2% (AMANDES, sucre, sirop de glucose, miel, beurre de cacao, ALBUMINE d&#8217;\u0152UF, pain azyme (f\u00e9cule de pomme de terre, eau), ar\u00f4me naturel de vanille).<\/p>\n","protected":false},"excerpt":{"rendered":"<p>Abricot au Nougat &#8211; Confiture Confiture fabriqu\u00e9e en Provence. Parfaite pour \u00eatre tartin\u00e9e au petit-d\u00e9jeuner, lors du go\u00fbter ou pendant un&#8230;<\/p>\n","protected":false},"featured_media":18241,"template":"","meta":{"_monsterinsights_skip_tracking":false,"_monsterinsights_sitenote_active":false,"_monsterinsights_sitenote_note":"","_monsterinsights_sitenote_category":0},"product_brand":[],"product_cat":[154],"product_tag":[],"class_list":{"0":"post-18240","1":"product","2":"type-product","3":"status-publish","4":"has-post-thumbnail","6":"product_cat-confiture","8":"first","9":"instock","10":"shipping-taxable","11":"purchasable","12":"product-type-simple"},"jetpack_sharing_enabled":true,"_links":{"self":[{"href":"https:\/\/www.lepicerieduphare.fr\/accueil\/wp-json\/wp\/v2\/product\/18240","targetHints":{"allow":["GET"]}}],"collection":[{"href":"https:\/\/www.lepicerieduphare.fr\/accueil\/wp-json\/wp\/v2\/product"}],"about":[{"href":"https:\/\/www.lepicerieduphare.fr\/accueil\/wp-json\/wp\/v2\/types\/product"}],"version-history":[{"count":1,"href":"https:\/\/www.lepicerieduphare.fr\/accueil\/wp-json\/wp\/v2\/product\/18240\/revisions"}],"predecessor-version":[{"id":20227,"href":"https:\/\/www.lepicerieduphare.fr\/accueil\/wp-json\/wp\/v2\/product\/18240\/revisions\/20227"}],"wp:featuredmedia":[{"embeddable":true,"href":"https:\/\/www.lepicerieduphare.fr\/accueil\/wp-json\/wp\/v2\/media\/18241"}],"wp:attachment":[{"href":"https:\/\/www.lepicerieduphare.fr\/accueil\/wp-json\/wp\/v2\/media?parent=18240"}],"wp:term":[{"taxonomy":"product_brand","embeddable":true,"href":"https:\/\/www.lepicerieduphare.fr\/accueil\/wp-json\/wp\/v2\/product_brand?post=18240"},{"taxonomy":"product_cat","embeddable":true,"href":"https:\/\/www.lepicerieduphare.fr\/accueil\/wp-json\/wp\/v2\/product_cat?post=18240"},{"taxonomy":"product_tag","embeddable":true,"href":"https:\/\/www.lepicerieduphare.fr\/accueil\/wp-json\/wp\/v2\/product_tag?post=18240"}],"curies":[{"name":"wp","href":"https:\/\/api.w.org\/{rel}","templated":true}]}}