{"id":18235,"date":"2020-04-13T17:16:41","date_gmt":"2020-04-13T15:16:41","guid":{"rendered":"https:\/\/www.lepicerieduphare.fr\/?post_type=product&#038;p=18235"},"modified":"2022-01-11T09:32:57","modified_gmt":"2022-01-11T08:32:57","slug":"sel-rose-de-lhimalaya-empilable-et-rechargeable-300g-copie","status":"publish","type":"product","link":"https:\/\/www.lepicerieduphare.fr\/accueil\/produit\/chocolat-brest-idee-cadeaux\/sel-rose-de-lhimalaya-empilable-et-rechargeable-300g-copie\/","title":{"rendered":"Sel rose de l&#8217;Himalaya aux 4 Poivres et Baies &#8211; Empilable 300G"},"content":{"rendered":"<h1 class=\"h1\">Sel rose de l&#8217;Himalaya aux 4 Poivres et Baies &#8211; Empilable<\/h1>\n<div id=\"product-description-short\">\n<p>Moulin empilable au sel de l&#8217;Himalaya et aux 4 poivres et baies : l&#8217;assaisonnement sera un jeu d&#8217;enfant.<\/p>\n<p>Les <strong>propri\u00e9t\u00e9s\u00a0 <\/strong>du<strong> sel rose de l&#8217;Himalaya <\/strong>? Non raffin\u00e9, notre sel rose de l&#8217;Himalaya est tr\u00e8s riche en <strong>sels min\u00e9raux<\/strong> et <strong>oligo-\u00e9l\u00e9ments<\/strong> dont le fer, le potassium, le magn\u00e9sium, le calcium, le phosphore, le mangan\u00e8se et le zinc. Contrairement au sel de mer il est <strong>non iod\u00e9<\/strong> et est r\u00e9put\u00e9 pour ses effets d\u00e9toxifiants.<\/p>\n<\/div>\n","protected":false},"excerpt":{"rendered":"<p>Sel rose de l&#8217;Himalaya aux 4 Poivres et Baies &#8211; Empilable Moulin empilable au sel de l&#8217;Himalaya et aux 4 poivres&#8230;<\/p>\n","protected":false},"featured_media":18237,"template":"","meta":{"_monsterinsights_skip_tracking":false,"_monsterinsights_sitenote_active":false,"_monsterinsights_sitenote_note":"","_monsterinsights_sitenote_category":0},"product_brand":[],"product_cat":[119],"product_tag":[],"class_list":{"0":"post-18235","1":"product","2":"type-product","3":"status-publish","4":"has-post-thumbnail","6":"product_cat-sels-poivres","8":"first","9":"instock","10":"shipping-taxable","11":"purchasable","12":"product-type-simple"},"jetpack_sharing_enabled":true,"_links":{"self":[{"href":"https:\/\/www.lepicerieduphare.fr\/accueil\/wp-json\/wp\/v2\/product\/18235","targetHints":{"allow":["GET"]}}],"collection":[{"href":"https:\/\/www.lepicerieduphare.fr\/accueil\/wp-json\/wp\/v2\/product"}],"about":[{"href":"https:\/\/www.lepicerieduphare.fr\/accueil\/wp-json\/wp\/v2\/types\/product"}],"version-history":[{"count":1,"href":"https:\/\/www.lepicerieduphare.fr\/accueil\/wp-json\/wp\/v2\/product\/18235\/revisions"}],"predecessor-version":[{"id":20225,"href":"https:\/\/www.lepicerieduphare.fr\/accueil\/wp-json\/wp\/v2\/product\/18235\/revisions\/20225"}],"wp:featuredmedia":[{"embeddable":true,"href":"https:\/\/www.lepicerieduphare.fr\/accueil\/wp-json\/wp\/v2\/media\/18237"}],"wp:attachment":[{"href":"https:\/\/www.lepicerieduphare.fr\/accueil\/wp-json\/wp\/v2\/media?parent=18235"}],"wp:term":[{"taxonomy":"product_brand","embeddable":true,"href":"https:\/\/www.lepicerieduphare.fr\/accueil\/wp-json\/wp\/v2\/product_brand?post=18235"},{"taxonomy":"product_cat","embeddable":true,"href":"https:\/\/www.lepicerieduphare.fr\/accueil\/wp-json\/wp\/v2\/product_cat?post=18235"},{"taxonomy":"product_tag","embeddable":true,"href":"https:\/\/www.lepicerieduphare.fr\/accueil\/wp-json\/wp\/v2\/product_tag?post=18235"}],"curies":[{"name":"wp","href":"https:\/\/api.w.org\/{rel}","templated":true}]}}