{"id":18220,"date":"2020-04-13T16:50:59","date_gmt":"2020-04-13T14:50:59","guid":{"rendered":"https:\/\/www.lepicerieduphare.fr\/?post_type=product&#038;p=18220"},"modified":"2022-01-10T23:02:22","modified_gmt":"2022-01-10T22:02:22","slug":"preparation-culinaire-a-base-dhuile-dolive-au-citron-250ml-copie","status":"publish","type":"product","link":"https:\/\/www.lepicerieduphare.fr\/accueil\/produit\/chocolat-brest-idee-cadeaux\/preparation-culinaire-a-base-dhuile-dolive-au-citron-250ml-copie\/","title":{"rendered":"Pr\u00e9paration Culinaire \u00e0 Base d&#8217;Huile d&#8217;Olive aux C\u00e8pes 250 ML"},"content":{"rendered":"<h1 class=\"h1\">Pr\u00e9paration Culinaire \u00e0 Base d&#8217;Huile d&#8217;Olive aux C\u00e8pes<\/h1>\n<div id=\"product-description-short\">\n<p>D\u00e9licatement parfum\u00e9e aux <strong>c\u00e8pes<\/strong>, cette <strong>huile d&#8217;olive <\/strong>vous permet de profiter de l&#8217;ar\u00f4me intense de\u00a0ce mets\u00a0pour <strong>parfumer <\/strong>vos <strong>plats <\/strong>tels que les <strong>p\u00e2tes<\/strong>, les <strong>omelettes<\/strong>&#8230; Cette huile peut \u00e9galement \u00eatre utilis\u00e9e pour la <strong>cuisson <\/strong>(en faisant attention de ne pas d\u00e9passer son point de fum\u00e9e) ou en assaisonnement.<\/p>\n<p>Dans sa <strong>bouteille empilable<\/strong>, elle sera parfaite pour <strong>d\u00e9corer <\/strong>ou se <strong>ranger <\/strong>avec gr\u00e2ce.<\/p>\n<\/div>\n<p><b>Ingr\u00e9dients : <\/b> Huile d&#8217;olive vierge extra 96,3%, ar\u00f4me c\u00e8pe, c\u00e8pes s\u00e9ch\u00e9s 1,6%.<\/p>\n<p>Viandes, salades, vinaigrettes, parmentiers, risottos&#8230;<\/p>\n","protected":false},"excerpt":{"rendered":"<div id=\"product-description-short\"><\/div>\n<p>&nbsp;<\/p>\n<p>&nbsp;<\/p>\n<p>&nbsp;<\/p>\n<p>&nbsp;<\/p>\n<p>&nbsp;<\/p>\n<p>&nbsp;<\/p>\n<div class=\"product-actions\">\n<form id=\"add-to-cart-or-refresh\" action=\"https:\/\/www.lecomptoirdemathilde.com\/fr\/panier\" method=\"post\">\n<div class=\"product-add-to-cart\"><span class=\"control-label\">\u00a0<\/span><\/div>\n<\/form>\n<\/div>\n<p>&nbsp;<\/p>\n<p>&nbsp;<\/p>\n<div class=\"product-actions\">\n<form id=\"add-to-cart-or-refresh\" action=\"https:\/\/www.lecomptoirdemathilde.com\/fr\/panier\" method=\"post\">\n<div class=\"product-variants\"><\/div>\n<div class=\"product-add-to-cart\"><span class=\"control-label\">\u00a0<\/span><\/div>\n<\/form>\n<\/div>\n<p>&nbsp;<\/p>\n<p>&nbsp;<\/p>\n<p>&nbsp;<\/p>\n<p>&nbsp;<\/p>\n<p>&nbsp;<\/p>\n<p>&nbsp;<\/p>\n<p>&nbsp;<\/p>\n<p>&nbsp;<\/p>\n<div id=\"product-description-short\">\n<div id=\"vue-product-prices\" class=\"product-prices\">\n<div class=\"product-price h5 \"><\/div>\n<\/div>\n<div id=\"product-description-short\">\n<div id=\"product-description-short\">\n<div id=\"product-description-short\">\n<div id=\"product-description-short\">\n<div id=\"product-description-short\">\n<p>&nbsp;<\/p>\n<\/div>\n<\/div>\n<\/div>\n<\/div>\n<\/div>\n<\/div>\n","protected":false},"featured_media":18221,"template":"","meta":{"_monsterinsights_skip_tracking":false,"_monsterinsights_sitenote_active":false,"_monsterinsights_sitenote_note":"","_monsterinsights_sitenote_category":0},"product_brand":[],"product_cat":[152],"product_tag":[],"class_list":{"0":"post-18220","1":"product","2":"type-product","3":"status-publish","4":"has-post-thumbnail","6":"product_cat-huile-olive","8":"first","9":"instock","10":"shipping-taxable","11":"purchasable","12":"product-type-simple"},"jetpack_sharing_enabled":true,"_links":{"self":[{"href":"https:\/\/www.lepicerieduphare.fr\/accueil\/wp-json\/wp\/v2\/product\/18220","targetHints":{"allow":["GET"]}}],"collection":[{"href":"https:\/\/www.lepicerieduphare.fr\/accueil\/wp-json\/wp\/v2\/product"}],"about":[{"href":"https:\/\/www.lepicerieduphare.fr\/accueil\/wp-json\/wp\/v2\/types\/product"}],"version-history":[{"count":1,"href":"https:\/\/www.lepicerieduphare.fr\/accueil\/wp-json\/wp\/v2\/product\/18220\/revisions"}],"predecessor-version":[{"id":20201,"href":"https:\/\/www.lepicerieduphare.fr\/accueil\/wp-json\/wp\/v2\/product\/18220\/revisions\/20201"}],"wp:featuredmedia":[{"embeddable":true,"href":"https:\/\/www.lepicerieduphare.fr\/accueil\/wp-json\/wp\/v2\/media\/18221"}],"wp:attachment":[{"href":"https:\/\/www.lepicerieduphare.fr\/accueil\/wp-json\/wp\/v2\/media?parent=18220"}],"wp:term":[{"taxonomy":"product_brand","embeddable":true,"href":"https:\/\/www.lepicerieduphare.fr\/accueil\/wp-json\/wp\/v2\/product_brand?post=18220"},{"taxonomy":"product_cat","embeddable":true,"href":"https:\/\/www.lepicerieduphare.fr\/accueil\/wp-json\/wp\/v2\/product_cat?post=18220"},{"taxonomy":"product_tag","embeddable":true,"href":"https:\/\/www.lepicerieduphare.fr\/accueil\/wp-json\/wp\/v2\/product_tag?post=18220"}],"curies":[{"name":"wp","href":"https:\/\/api.w.org\/{rel}","templated":true}]}}