{"id":18217,"date":"2020-04-13T16:45:27","date_gmt":"2020-04-13T14:45:27","guid":{"rendered":"https:\/\/www.lepicerieduphare.fr\/?post_type=product&#038;p=18217"},"modified":"2022-01-10T23:04:34","modified_gmt":"2022-01-10T22:04:34","slug":"coffret-thes-decouverte-copie","status":"publish","type":"product","link":"https:\/\/www.lepicerieduphare.fr\/accueil\/produit\/chocolat-brest-idee-cadeaux\/coffret-thes-decouverte-copie\/","title":{"rendered":"Pr\u00e9paration Culinaire \u00e0 Base d&#8217;Huile d&#8217;Olive au Citron 250ML"},"content":{"rendered":"<h1 class=\"h1\">Pr\u00e9paration Culinaire \u00e0 Base d&#8217;Huile d&#8217;Olive au Citron<\/h1>\n<div id=\"product-description-short\">\n<p>Notre <strong>bouteille<\/strong> <strong>d&#8217;huile<\/strong> <strong>d&#8217;olive<\/strong> au <strong>citron<\/strong> vous permettra de r\u00e9aliser les plus \u00e9tonnantes <strong>pr\u00e9parations<\/strong> ! Avec sa bouteille <strong>empilable<\/strong> vous pourrez la poser \u00e0 proximit\u00e9 sans \u00eatre trop encombr\u00e9 ! <strong>Vinaigres<\/strong> et <strong>huiles<\/strong> pourront se marier entre-eux comme \u00e0 votre int\u00e9rieur pour une id\u00e9e d\u00e9co &#8211; et <strong>cadeau<\/strong> !<\/p>\n<\/div>\n<p><b>Ingr\u00e9dients : <\/b> Huile d&#8217;olive vierge extra 94,6%, zestes de citron 4,8%, ar\u00f4me de citron.<\/p>\n<p>Viandes blanches, poissons, crudit\u00e9s, vinaigrettes !<span class=\"control-label\"><br \/>\n<\/span><\/p>\n","protected":false},"excerpt":{"rendered":"<p>Pr\u00e9paration Culinaire \u00e0 Base d&#8217;Huile d&#8217;Olive au Citron Notre bouteille d&#8217;huile d&#8217;olive au citron vous permettra de r\u00e9aliser les plus \u00e9tonnantes&#8230;<\/p>\n","protected":false},"featured_media":18218,"template":"","meta":{"_monsterinsights_skip_tracking":false,"_monsterinsights_sitenote_active":false,"_monsterinsights_sitenote_note":"","_monsterinsights_sitenote_category":0},"product_brand":[],"product_cat":[152],"product_tag":[],"class_list":{"0":"post-18217","1":"product","2":"type-product","3":"status-publish","4":"has-post-thumbnail","6":"product_cat-huile-olive","8":"first","9":"instock","10":"shipping-taxable","11":"purchasable","12":"product-type-simple"},"jetpack_sharing_enabled":true,"_links":{"self":[{"href":"https:\/\/www.lepicerieduphare.fr\/accueil\/wp-json\/wp\/v2\/product\/18217","targetHints":{"allow":["GET"]}}],"collection":[{"href":"https:\/\/www.lepicerieduphare.fr\/accueil\/wp-json\/wp\/v2\/product"}],"about":[{"href":"https:\/\/www.lepicerieduphare.fr\/accueil\/wp-json\/wp\/v2\/types\/product"}],"version-history":[{"count":1,"href":"https:\/\/www.lepicerieduphare.fr\/accueil\/wp-json\/wp\/v2\/product\/18217\/revisions"}],"predecessor-version":[{"id":20202,"href":"https:\/\/www.lepicerieduphare.fr\/accueil\/wp-json\/wp\/v2\/product\/18217\/revisions\/20202"}],"wp:featuredmedia":[{"embeddable":true,"href":"https:\/\/www.lepicerieduphare.fr\/accueil\/wp-json\/wp\/v2\/media\/18218"}],"wp:attachment":[{"href":"https:\/\/www.lepicerieduphare.fr\/accueil\/wp-json\/wp\/v2\/media?parent=18217"}],"wp:term":[{"taxonomy":"product_brand","embeddable":true,"href":"https:\/\/www.lepicerieduphare.fr\/accueil\/wp-json\/wp\/v2\/product_brand?post=18217"},{"taxonomy":"product_cat","embeddable":true,"href":"https:\/\/www.lepicerieduphare.fr\/accueil\/wp-json\/wp\/v2\/product_cat?post=18217"},{"taxonomy":"product_tag","embeddable":true,"href":"https:\/\/www.lepicerieduphare.fr\/accueil\/wp-json\/wp\/v2\/product_tag?post=18217"}],"curies":[{"name":"wp","href":"https:\/\/api.w.org\/{rel}","templated":true}]}}