{"id":18180,"date":"2020-04-13T15:33:52","date_gmt":"2020-04-13T13:33:52","guid":{"rendered":"https:\/\/www.lepicerieduphare.fr\/?post_type=product&#038;p=18180"},"modified":"2022-09-16T17:44:39","modified_gmt":"2022-09-16T15:44:39","slug":"rillettes-de-canard-au-piment-du-perigord-220g-copie-2","status":"publish","type":"product","link":"https:\/\/www.lepicerieduphare.fr\/accueil\/produit\/chocolat-brest-idee-cadeaux\/rillettes-de-canard-au-piment-du-perigord-220g-copie-2\/","title":{"rendered":"Biscuits Fa\u00e7on Cr\u00e8me Br\u00fbl\u00e9e 150G"},"content":{"rendered":"<h1 class=\"h1\">Biscuits Fa\u00e7on Cr\u00e8me Br\u00fbl\u00e9e<\/h1>\n<div id=\"product-description-short\">\n<p>D\u00e9couvrez une gamme exceptionnelle aux multiples saveurs pour le petit-d\u00e9jeuner, le go\u00fbter ou la fin de la journ\u00e9e !<br \/>\n.. et m\u00eame pour les petits creux.<\/p>\n<p>Parfum\u00e9s et bien dor\u00e9s, vous ne saurez r\u00e9sister aux saveurs et aux croustillants de nos d\u00e9licieux biscuits, subtilement relev\u00e9s : aux agrumes, au caramel beurre sal\u00e9, \u00e0 la cr\u00e8me br\u00fbl\u00e9e, ou encore au chocolat &#8230; !<\/p>\n<\/div>\n","protected":false},"excerpt":{"rendered":"<p>Biscuits Fa\u00e7on Cr\u00e8me Br\u00fbl\u00e9e D\u00e9couvrez une gamme exceptionnelle aux multiples saveurs pour le petit-d\u00e9jeuner, le go\u00fbter ou la fin de la&#8230;<\/p>\n","protected":false},"featured_media":18184,"template":"","meta":{"_monsterinsights_skip_tracking":false,"_monsterinsights_sitenote_active":false,"_monsterinsights_sitenote_note":"","_monsterinsights_sitenote_category":0},"product_brand":[],"product_cat":[138],"product_tag":[],"class_list":{"0":"post-18180","1":"product","2":"type-product","3":"status-publish","4":"has-post-thumbnail","6":"product_cat-biscuits","8":"first","9":"instock","10":"shipping-taxable","11":"purchasable","12":"product-type-simple"},"jetpack_sharing_enabled":true,"_links":{"self":[{"href":"https:\/\/www.lepicerieduphare.fr\/accueil\/wp-json\/wp\/v2\/product\/18180","targetHints":{"allow":["GET"]}}],"collection":[{"href":"https:\/\/www.lepicerieduphare.fr\/accueil\/wp-json\/wp\/v2\/product"}],"about":[{"href":"https:\/\/www.lepicerieduphare.fr\/accueil\/wp-json\/wp\/v2\/types\/product"}],"version-history":[{"count":2,"href":"https:\/\/www.lepicerieduphare.fr\/accueil\/wp-json\/wp\/v2\/product\/18180\/revisions"}],"predecessor-version":[{"id":20208,"href":"https:\/\/www.lepicerieduphare.fr\/accueil\/wp-json\/wp\/v2\/product\/18180\/revisions\/20208"}],"wp:featuredmedia":[{"embeddable":true,"href":"https:\/\/www.lepicerieduphare.fr\/accueil\/wp-json\/wp\/v2\/media\/18184"}],"wp:attachment":[{"href":"https:\/\/www.lepicerieduphare.fr\/accueil\/wp-json\/wp\/v2\/media?parent=18180"}],"wp:term":[{"taxonomy":"product_brand","embeddable":true,"href":"https:\/\/www.lepicerieduphare.fr\/accueil\/wp-json\/wp\/v2\/product_brand?post=18180"},{"taxonomy":"product_cat","embeddable":true,"href":"https:\/\/www.lepicerieduphare.fr\/accueil\/wp-json\/wp\/v2\/product_cat?post=18180"},{"taxonomy":"product_tag","embeddable":true,"href":"https:\/\/www.lepicerieduphare.fr\/accueil\/wp-json\/wp\/v2\/product_tag?post=18180"}],"curies":[{"name":"wp","href":"https:\/\/api.w.org\/{rel}","templated":true}]}}