{"id":18176,"date":"2020-04-13T15:27:49","date_gmt":"2020-04-13T13:27:49","guid":{"rendered":"https:\/\/www.lepicerieduphare.fr\/?post_type=product&#038;p=18176"},"modified":"2022-01-10T23:20:18","modified_gmt":"2022-01-10T22:20:18","slug":"terrine-au-piment-despelette-220g-copie-2","status":"publish","type":"product","link":"https:\/\/www.lepicerieduphare.fr\/accueil\/produit\/chocolat-brest-idee-cadeaux\/terrine-au-piment-despelette-220g-copie-2\/","title":{"rendered":"Terrine au jus de truffes noires aromatis\u00e9e 3% 220G"},"content":{"rendered":"<h1 class=\"h1\">Terrine au jus de truffes noires aromatis\u00e9e 3%<\/h1>\n<div id=\"product-description-short\">\n<p>Parce-que nous aimons les bons produits d&#8217;antan, nos terrines et rillettes vous transporteront le temps d&#8217;un instant \u00e0 vos souvenirs d&#8217;enfances.<\/p>\n<p>Avec notre terrine au jus de truffes noires aromatis\u00e9e 3%, retrouvez l&#8217;\u00e9l\u00e9gance et la finesse d&#8217;un met d&#8217;exception.<\/p>\n<\/div>\n","protected":false},"excerpt":{"rendered":"<p>Terrine au jus de truffes noires aromatis\u00e9e 3% Parce-que nous aimons les bons produits d&#8217;antan, nos terrines et rillettes vous transporteront&#8230;<\/p>\n","protected":false},"featured_media":18177,"template":"","meta":{"_monsterinsights_skip_tracking":false,"_monsterinsights_sitenote_active":false,"_monsterinsights_sitenote_note":"","_monsterinsights_sitenote_category":0},"product_brand":[],"product_cat":[120],"product_tag":[],"class_list":{"0":"post-18176","1":"product","2":"type-product","3":"status-publish","4":"has-post-thumbnail","6":"product_cat-apero","8":"first","9":"instock","10":"shipping-taxable","11":"purchasable","12":"product-type-simple"},"jetpack_sharing_enabled":true,"_links":{"self":[{"href":"https:\/\/www.lepicerieduphare.fr\/accueil\/wp-json\/wp\/v2\/product\/18176","targetHints":{"allow":["GET"]}}],"collection":[{"href":"https:\/\/www.lepicerieduphare.fr\/accueil\/wp-json\/wp\/v2\/product"}],"about":[{"href":"https:\/\/www.lepicerieduphare.fr\/accueil\/wp-json\/wp\/v2\/types\/product"}],"version-history":[{"count":1,"href":"https:\/\/www.lepicerieduphare.fr\/accueil\/wp-json\/wp\/v2\/product\/18176\/revisions"}],"predecessor-version":[{"id":20210,"href":"https:\/\/www.lepicerieduphare.fr\/accueil\/wp-json\/wp\/v2\/product\/18176\/revisions\/20210"}],"wp:featuredmedia":[{"embeddable":true,"href":"https:\/\/www.lepicerieduphare.fr\/accueil\/wp-json\/wp\/v2\/media\/18177"}],"wp:attachment":[{"href":"https:\/\/www.lepicerieduphare.fr\/accueil\/wp-json\/wp\/v2\/media?parent=18176"}],"wp:term":[{"taxonomy":"product_brand","embeddable":true,"href":"https:\/\/www.lepicerieduphare.fr\/accueil\/wp-json\/wp\/v2\/product_brand?post=18176"},{"taxonomy":"product_cat","embeddable":true,"href":"https:\/\/www.lepicerieduphare.fr\/accueil\/wp-json\/wp\/v2\/product_cat?post=18176"},{"taxonomy":"product_tag","embeddable":true,"href":"https:\/\/www.lepicerieduphare.fr\/accueil\/wp-json\/wp\/v2\/product_tag?post=18176"}],"curies":[{"name":"wp","href":"https:\/\/api.w.org\/{rel}","templated":true}]}}