{"id":18160,"date":"2020-04-13T14:57:43","date_gmt":"2020-04-13T12:57:43","guid":{"rendered":"https:\/\/www.lepicerieduphare.fr\/?post_type=product&#038;p=18160"},"modified":"2022-01-10T23:31:42","modified_gmt":"2022-01-10T22:31:42","slug":"lot-3-tartinables-mix-copie","status":"publish","type":"product","link":"https:\/\/www.lepicerieduphare.fr\/accueil\/produit\/chocolat-brest-idee-cadeaux\/lot-3-tartinables-mix-copie\/","title":{"rendered":"Papillote 3 tartinables sal\u00e9s (3x30g)"},"content":{"rendered":"<h1 class=\"h1\">Papillote 3 tartinables sal\u00e9s (3x30g) 5 recettes assorties<\/h1>\n<div id=\"product-description-short\">\n<p>Une <strong>papillote<\/strong> qui donne envie d&#8217;en d\u00e9couvrir davantage ? Pour une <strong>id\u00e9e<\/strong> <strong>cadeau<\/strong> originale ou une pr\u00e9sentation qui \u00e9gaye la <strong>curiosit\u00e9<\/strong> optez pour notre <strong>composition<\/strong> <strong>gourmande<\/strong> de <strong>3 tartinables sal\u00e9es<\/strong>.<\/p>\n<p>Avec ses 5 recettes assorties, vous aurez la <strong>surprise<\/strong> \u00e0 chaque commande !<\/p>\n<\/div>\n","protected":false},"excerpt":{"rendered":"<p>Papillote 3 tartinables sal\u00e9s (3x30g) 5 recettes assorties Une papillote qui donne envie d&#8217;en d\u00e9couvrir davantage ? Pour une id\u00e9e cadeau&#8230;<\/p>\n","protected":false},"featured_media":18161,"template":"","meta":{"_monsterinsights_skip_tracking":false,"_monsterinsights_sitenote_active":false,"_monsterinsights_sitenote_note":"","_monsterinsights_sitenote_category":0},"product_brand":[],"product_cat":[120],"product_tag":[],"class_list":{"0":"post-18160","1":"product","2":"type-product","3":"status-publish","4":"has-post-thumbnail","6":"product_cat-apero","8":"first","9":"instock","10":"shipping-taxable","11":"purchasable","12":"product-type-simple"},"jetpack_sharing_enabled":true,"_links":{"self":[{"href":"https:\/\/www.lepicerieduphare.fr\/accueil\/wp-json\/wp\/v2\/product\/18160","targetHints":{"allow":["GET"]}}],"collection":[{"href":"https:\/\/www.lepicerieduphare.fr\/accueil\/wp-json\/wp\/v2\/product"}],"about":[{"href":"https:\/\/www.lepicerieduphare.fr\/accueil\/wp-json\/wp\/v2\/types\/product"}],"version-history":[{"count":1,"href":"https:\/\/www.lepicerieduphare.fr\/accueil\/wp-json\/wp\/v2\/product\/18160\/revisions"}],"predecessor-version":[{"id":20217,"href":"https:\/\/www.lepicerieduphare.fr\/accueil\/wp-json\/wp\/v2\/product\/18160\/revisions\/20217"}],"wp:featuredmedia":[{"embeddable":true,"href":"https:\/\/www.lepicerieduphare.fr\/accueil\/wp-json\/wp\/v2\/media\/18161"}],"wp:attachment":[{"href":"https:\/\/www.lepicerieduphare.fr\/accueil\/wp-json\/wp\/v2\/media?parent=18160"}],"wp:term":[{"taxonomy":"product_brand","embeddable":true,"href":"https:\/\/www.lepicerieduphare.fr\/accueil\/wp-json\/wp\/v2\/product_brand?post=18160"},{"taxonomy":"product_cat","embeddable":true,"href":"https:\/\/www.lepicerieduphare.fr\/accueil\/wp-json\/wp\/v2\/product_cat?post=18160"},{"taxonomy":"product_tag","embeddable":true,"href":"https:\/\/www.lepicerieduphare.fr\/accueil\/wp-json\/wp\/v2\/product_tag?post=18160"}],"curies":[{"name":"wp","href":"https:\/\/api.w.org\/{rel}","templated":true}]}}