{"id":18150,"date":"2020-04-13T14:36:06","date_gmt":"2020-04-13T12:36:06","guid":{"rendered":"https:\/\/www.lepicerieduphare.fr\/?post_type=product&#038;p=18150"},"modified":"2020-11-29T10:52:26","modified_gmt":"2020-11-29T09:52:26","slug":"lot-3-tartinables-legumes-copie","status":"publish","type":"product","link":"https:\/\/www.lepicerieduphare.fr\/accueil\/produit\/chocolat-brest-idee-cadeaux\/lot-3-tartinables-legumes-copie\/","title":{"rendered":"LOT 3 TARTINABLES DU MONDE"},"content":{"rendered":"<h1 class=\"h1\">LOT 3 TARTINABLES\u00a0 DU MONDE<\/h1>\n<h1 class=\"h1\">Poivronade au chorizo \u00e0 la m\u00e9dit\u00e9rann\u00e9ne 100G, Crevettes \u00e0 la thailandaise 100G, Poulet Tandoori \u00e0 l&#8217;indienne\u00a0 100G<\/h1>\n<div id=\"product-description-short\">\n<div id=\"vue-product-prices\" class=\"product-prices\">\n<div class=\"product-price h5 \">\n<div class=\"current-price\"><\/div>\n<\/div>\n<\/div>\n<div id=\"product-description-short\">\n<div id=\"product-description-short\">\n<p>Connaissez -vous la <strong>Poivronade <\/strong>? Un met d\u00e9licieux compos\u00e9 de <strong>poivron<\/strong> que nous avons souhait\u00e9 mettre au go\u00fbt de grand-m\u00e8re Mathilde, en y ajoutant un touche de Chorizo.<\/p>\n<p>Agr\u00e9able en <strong>antipasti<\/strong>, pour colorer votre plats et vos pr\u00e9paration culinaire ou simplement en <strong>dip <\/strong>\u00e0 l&#8217;<strong>ap\u00e9ro<\/strong>. Modelez avec go\u00fbt et originalit\u00e9 ce <strong>tartinable <\/strong>qui sent bon la <strong>m\u00e9diterran\u00e9e<\/strong>.<\/p>\n<div id=\"product-description-short\">\n<p>La <strong>cuisine tha\u00eflandaise <\/strong>vous inspire ? Et bien nous aussi ! Ses saveurs et ses ingr\u00e9dients originaux nous donnent envie de pimenter nos <strong>soir\u00e9e <\/strong>et ap\u00e9ros entre amis.<\/p>\n<p>D\u00e9couvrez notre tartinable \u00e0 la <strong>crevette <\/strong>relev\u00e9 de fabuleux <strong>\u00e9pices<\/strong>. Nous vous laissons d\u00e9couvrir ..<\/p>\n<div id=\"product-description-short\">\n<div id=\"product-description-short\">\n<p>A l&#8217;origine, le <strong>poulet tandoori <\/strong>est une recette r\u00e9alis\u00e9e et cuite sur un four de pierre en feu. Souvent agr\u00e9ment\u00e9 d&#8217;un m\u00e9lange d&#8217;<strong>\u00e9pices<\/strong> et de <strong>yaourt<\/strong>, retrouvez dans notre tartinable ce <strong>voyage <\/strong>en terre <strong>exotique <\/strong>o\u00f9 les odeurs et la saveur du monde <strong>indien <\/strong>vous enchanteront.<\/p>\n<p>Prenez plaisir \u00e0 <strong>d\u00e9guster <\/strong>en <strong>dip <\/strong>ou en <strong>toasts <\/strong>notre savoureux m\u00e9lange de <strong>cr\u00e8me <\/strong>et d&#8217;\u00e9pices.<\/p>\n<\/div>\n<\/div>\n<\/div>\n<p>&nbsp;<\/p>\n<\/div>\n<\/div>\n<\/div>\n<div id=\"product-description-short\">\n<p>&nbsp;<\/p>\n<\/div>\n","protected":false},"excerpt":{"rendered":"<h1 class=\"h1\">LOT 3 TARTINABLES\u00a0 DU MONDE<\/h1>\n<h1 class=\"h1\">Poivronade au chorizo \u00e0 la m\u00e9dit\u00e9rann\u00e9ne 100G, Crevettes \u00e0 la thailandaise 100G, Poulet Tandoori \u00e0 l&#8217;indienne\u00a0 100G<\/h1>\n<div id=\"product-description-short\">\n<div id=\"vue-product-prices\" class=\"product-prices\">\n<div class=\"product-price h5 \"><\/div>\n<\/div>\n<div id=\"product-description-short\">\n<div id=\"product-description-short\">\n<div id=\"product-description-short\">\n<div id=\"product-description-short\">\n<div id=\"product-description-short\">\n<p>&nbsp;<\/p>\n<\/div>\n<\/div>\n<\/div>\n<\/div>\n<\/div>\n<\/div>\n","protected":false},"featured_media":18151,"template":"","meta":{"_monsterinsights_skip_tracking":false,"_monsterinsights_sitenote_active":false,"_monsterinsights_sitenote_note":"","_monsterinsights_sitenote_category":0},"product_brand":[],"product_cat":[108],"product_tag":[],"class_list":{"0":"post-18150","1":"product","2":"type-product","3":"status-publish","4":"has-post-thumbnail","6":"product_cat-coffrets-cadeaux-brest","8":"first","9":"instock","10":"sale","11":"shipping-taxable","12":"purchasable","13":"product-type-simple"},"jetpack_sharing_enabled":true,"_links":{"self":[{"href":"https:\/\/www.lepicerieduphare.fr\/accueil\/wp-json\/wp\/v2\/product\/18150","targetHints":{"allow":["GET"]}}],"collection":[{"href":"https:\/\/www.lepicerieduphare.fr\/accueil\/wp-json\/wp\/v2\/product"}],"about":[{"href":"https:\/\/www.lepicerieduphare.fr\/accueil\/wp-json\/wp\/v2\/types\/product"}],"version-history":[{"count":0,"href":"https:\/\/www.lepicerieduphare.fr\/accueil\/wp-json\/wp\/v2\/product\/18150\/revisions"}],"wp:featuredmedia":[{"embeddable":true,"href":"https:\/\/www.lepicerieduphare.fr\/accueil\/wp-json\/wp\/v2\/media\/18151"}],"wp:attachment":[{"href":"https:\/\/www.lepicerieduphare.fr\/accueil\/wp-json\/wp\/v2\/media?parent=18150"}],"wp:term":[{"taxonomy":"product_brand","embeddable":true,"href":"https:\/\/www.lepicerieduphare.fr\/accueil\/wp-json\/wp\/v2\/product_brand?post=18150"},{"taxonomy":"product_cat","embeddable":true,"href":"https:\/\/www.lepicerieduphare.fr\/accueil\/wp-json\/wp\/v2\/product_cat?post=18150"},{"taxonomy":"product_tag","embeddable":true,"href":"https:\/\/www.lepicerieduphare.fr\/accueil\/wp-json\/wp\/v2\/product_tag?post=18150"}],"curies":[{"name":"wp","href":"https:\/\/api.w.org\/{rel}","templated":true}]}}