{"id":18144,"date":"2020-04-13T14:21:38","date_gmt":"2020-04-13T12:21:38","guid":{"rendered":"https:\/\/www.lepicerieduphare.fr\/?post_type=product&#038;p=18144"},"modified":"2020-11-29T10:52:26","modified_gmt":"2020-11-29T09:52:26","slug":"lot-3-tartinables-biologique-copie","status":"publish","type":"product","link":"https:\/\/www.lepicerieduphare.fr\/accueil\/produit\/chocolat-brest-idee-cadeaux\/lot-3-tartinables-biologique-copie\/","title":{"rendered":"LOT 3 TARTINABLES &#8220;LEGUMES&#8221;"},"content":{"rendered":"<h1 class=\"h1\">LOT 3 TARTINABLES\u00a0 &#8220;LEGUMES&#8221;<\/h1>\n<h1 class=\"h1\">D\u00e9lice de tomate cerise 100G, Courgettes grill\u00e9es au miel 100G, Tartinade du jardinier\u00a0 100G<\/h1>\n<div id=\"product-description-short\">\n<div id=\"vue-product-prices\" class=\"product-prices\">\n<div class=\"product-price h5 \">\n<div class=\"current-price\"><\/div>\n<\/div>\n<\/div>\n<div id=\"product-description-short\">\n<p>Un tartinable frais et savoureux aux notes de <strong>tomates cerises <\/strong>et de <strong>parmesan<\/strong>. Go\u00fbtu en bouche il se mariera parfaitement avec vos <strong>toasts <\/strong>et pourra agr\u00e9menter vos diff\u00e9rentes <strong>pr\u00e9parations culinaires<\/strong>.<\/p>\n<p>Envie de <strong>toasts <\/strong>frais, qui vous rappellent de longues balades dans le jardin de grand-p\u00e8re ou grand-m\u00e8re Mathilde ? D\u00e9couvrez dans un seul m\u00eame <strong>tartinable <\/strong>toute les saveurs des <strong>l\u00e9gumes cueillis <\/strong>du jour, pr\u00e9par\u00e9s avec amour dans un chaudron et assaisonn\u00e9s avec soins.<\/p>\n<p>Le go\u00fbt unique de la <strong>courgette<\/strong> <strong>grill\u00e9e <\/strong>alli\u00e9e \u00e0 un <strong>miel <\/strong>d&#8217;exception ! Notre tartinable <strong>sucr\u00e9<\/strong>&#8211;<strong>sal\u00e9 <\/strong>ne manquera pas de go\u00fbt ! Faites d\u00e9couvrir les plaisirs des <strong>l\u00e9gumes <\/strong>\u00e0 votre entourage et osez l&#8217;originalit\u00e9 cr\u00e9ative.<\/p>\n<\/div>\n<\/div>\n<div id=\"product-description-short\">\n<p>&nbsp;<\/p>\n<\/div>\n","protected":false},"excerpt":{"rendered":"<h1 class=\"h1\">LOT 3 TARTINABLES\u00a0 &#8220;LEGUMES&#8221;<\/h1>\n<h1 class=\"h1\">D\u00e9lice de tomate cerise 100G, Courgettes grill\u00e9es au miel 100G, Tartinade du jardinier\u00a0 100G<\/h1>\n<div id=\"product-description-short\">\n<div id=\"vue-product-prices\" class=\"product-prices\">\n<div class=\"product-price h5 \">\n<div class=\"current-price\"><\/div>\n<\/div>\n<\/div>\n<div id=\"product-description-short\">\n<p>Un tartinable frais et savoureux aux notes de <strong>tomates cerises <\/strong>et de <strong>parmesan<\/strong>. Go\u00fbtu en bouche il se mariera parfaitement avec vos <strong>toasts <\/strong>et pourra agr\u00e9menter vos diff\u00e9rentes <strong>pr\u00e9parations culinaires<\/strong>.<\/p>\n<p>Envie de <strong>toasts <\/strong>frais, qui vous rappellent de longues balades dans le jardin de grand-p\u00e8re ou grand-m\u00e8re Mathilde ? D\u00e9couvrez dans un seul m\u00eame <strong>tartinable <\/strong>toute les saveurs des <strong>l\u00e9gumes cueillis <\/strong>du jour, pr\u00e9par\u00e9s avec amour dans un chaudron et assaisonn\u00e9s avec soins.<\/p>\n<p>Le go\u00fbt unique de la <strong>courgette<\/strong> <strong>grill\u00e9e <\/strong>alli\u00e9e \u00e0 un <strong>miel <\/strong>d&#8217;exception ! Notre tartinable <strong>sucr\u00e9<\/strong>&#8211;<strong>sal\u00e9 <\/strong>ne manquera pas de go\u00fbt ! Faites d\u00e9couvrir les plaisirs des <strong>l\u00e9gumes <\/strong>\u00e0 votre entourage et osez l&#8217;originalit\u00e9 cr\u00e9ative.<\/p>\n<\/div>\n<\/div>\n","protected":false},"featured_media":18149,"template":"","meta":{"_monsterinsights_skip_tracking":false,"_monsterinsights_sitenote_active":false,"_monsterinsights_sitenote_note":"","_monsterinsights_sitenote_category":0},"product_brand":[],"product_cat":[108],"product_tag":[],"class_list":{"0":"post-18144","1":"product","2":"type-product","3":"status-publish","4":"has-post-thumbnail","6":"product_cat-coffrets-cadeaux-brest","8":"first","9":"instock","10":"sale","11":"shipping-taxable","12":"purchasable","13":"product-type-simple"},"jetpack_sharing_enabled":true,"_links":{"self":[{"href":"https:\/\/www.lepicerieduphare.fr\/accueil\/wp-json\/wp\/v2\/product\/18144","targetHints":{"allow":["GET"]}}],"collection":[{"href":"https:\/\/www.lepicerieduphare.fr\/accueil\/wp-json\/wp\/v2\/product"}],"about":[{"href":"https:\/\/www.lepicerieduphare.fr\/accueil\/wp-json\/wp\/v2\/types\/product"}],"version-history":[{"count":0,"href":"https:\/\/www.lepicerieduphare.fr\/accueil\/wp-json\/wp\/v2\/product\/18144\/revisions"}],"wp:featuredmedia":[{"embeddable":true,"href":"https:\/\/www.lepicerieduphare.fr\/accueil\/wp-json\/wp\/v2\/media\/18149"}],"wp:attachment":[{"href":"https:\/\/www.lepicerieduphare.fr\/accueil\/wp-json\/wp\/v2\/media?parent=18144"}],"wp:term":[{"taxonomy":"product_brand","embeddable":true,"href":"https:\/\/www.lepicerieduphare.fr\/accueil\/wp-json\/wp\/v2\/product_brand?post=18144"},{"taxonomy":"product_cat","embeddable":true,"href":"https:\/\/www.lepicerieduphare.fr\/accueil\/wp-json\/wp\/v2\/product_cat?post=18144"},{"taxonomy":"product_tag","embeddable":true,"href":"https:\/\/www.lepicerieduphare.fr\/accueil\/wp-json\/wp\/v2\/product_tag?post=18144"}],"curies":[{"name":"wp","href":"https:\/\/api.w.org\/{rel}","templated":true}]}}