{"id":18124,"date":"2020-04-13T12:02:19","date_gmt":"2020-04-13T10:02:19","guid":{"rendered":"https:\/\/www.lepicerieduphare.fr\/?post_type=product&#038;p=18124"},"modified":"2022-09-16T17:42:15","modified_gmt":"2022-09-16T15:42:15","slug":"mini-gressins-au-sesame-200g-copie","status":"publish","type":"product","link":"https:\/\/www.lepicerieduphare.fr\/accueil\/produit\/chocolat-brest-idee-cadeaux\/mini-gressins-au-sesame-200g-copie\/","title":{"rendered":"Tartinettes dor\u00e9es 150G"},"content":{"rendered":"<h1 class=\"h1\">Tartinettes dor\u00e9es 150G<\/h1>\n<div id=\"product-description-short\">\n<p>Vous aimez go\u00fbter avec les doigts ? Certes .. mais il est parfois (souvent) n\u00e9cessaire de <strong>pr\u00e9senter <\/strong>un savoureux assortiment de <strong>tartinable <\/strong>sur de jolis <strong>toasts grill\u00e9s<\/strong>. Gr\u00e2ce \u00e0 nos <strong>tartinettes dor\u00e9es<\/strong>, vous pourrez retrouver le plaisir visuel du <strong>pain <\/strong>qui sort du <strong>four <\/strong>et le <strong>craquant <\/strong>incontournable d&#8217;un <strong>dor\u00e9e <\/strong>parfait.<\/p>\n<\/div>\n","protected":false},"excerpt":{"rendered":"<h1 class=\"h1\">Tartinettes dor\u00e9es<\/h1>\n<div id=\"product-description-short\">\n<p>Vous aimez go\u00fbter avec les doigts ? Certes .. mais il est parfois (souvent) n\u00e9cessaire de <strong>pr\u00e9senter <\/strong>un savoureux assortiment de <strong>tartinable <\/strong>sur de jolis <strong>toasts grill\u00e9s<\/strong>. Gr\u00e2ce \u00e0 nos <strong>tartinettes dor\u00e9es<\/strong>, vous pourrez retrouver le plaisir visuel du <strong>pain <\/strong>qui sort du <strong>four <\/strong>et le <strong>craquant <\/strong>incontournable d&#8217;un <strong>dor\u00e9e <\/strong>parfait.<\/p>\n<\/div>\n","protected":false},"featured_media":18125,"template":"","meta":{"_monsterinsights_skip_tracking":false,"_monsterinsights_sitenote_active":false,"_monsterinsights_sitenote_note":"","_monsterinsights_sitenote_category":0},"product_brand":[],"product_cat":[120],"product_tag":[],"class_list":{"0":"post-18124","1":"product","2":"type-product","3":"status-publish","4":"has-post-thumbnail","6":"product_cat-apero","8":"first","9":"instock","10":"shipping-taxable","11":"purchasable","12":"product-type-simple"},"jetpack_sharing_enabled":true,"_links":{"self":[{"href":"https:\/\/www.lepicerieduphare.fr\/accueil\/wp-json\/wp\/v2\/product\/18124","targetHints":{"allow":["GET"]}}],"collection":[{"href":"https:\/\/www.lepicerieduphare.fr\/accueil\/wp-json\/wp\/v2\/product"}],"about":[{"href":"https:\/\/www.lepicerieduphare.fr\/accueil\/wp-json\/wp\/v2\/types\/product"}],"version-history":[{"count":1,"href":"https:\/\/www.lepicerieduphare.fr\/accueil\/wp-json\/wp\/v2\/product\/18124\/revisions"}],"predecessor-version":[{"id":20514,"href":"https:\/\/www.lepicerieduphare.fr\/accueil\/wp-json\/wp\/v2\/product\/18124\/revisions\/20514"}],"wp:featuredmedia":[{"embeddable":true,"href":"https:\/\/www.lepicerieduphare.fr\/accueil\/wp-json\/wp\/v2\/media\/18125"}],"wp:attachment":[{"href":"https:\/\/www.lepicerieduphare.fr\/accueil\/wp-json\/wp\/v2\/media?parent=18124"}],"wp:term":[{"taxonomy":"product_brand","embeddable":true,"href":"https:\/\/www.lepicerieduphare.fr\/accueil\/wp-json\/wp\/v2\/product_brand?post=18124"},{"taxonomy":"product_cat","embeddable":true,"href":"https:\/\/www.lepicerieduphare.fr\/accueil\/wp-json\/wp\/v2\/product_cat?post=18124"},{"taxonomy":"product_tag","embeddable":true,"href":"https:\/\/www.lepicerieduphare.fr\/accueil\/wp-json\/wp\/v2\/product_tag?post=18124"}],"curies":[{"name":"wp","href":"https:\/\/api.w.org\/{rel}","templated":true}]}}