{"id":18121,"date":"2020-04-13T11:55:34","date_gmt":"2020-04-13T09:55:34","guid":{"rendered":"https:\/\/www.lepicerieduphare.fr\/?post_type=product&#038;p=18121"},"modified":"2022-09-16T17:42:25","modified_gmt":"2022-09-16T15:42:25","slug":"mathildette-apero-marrakech-copie","status":"publish","type":"product","link":"https:\/\/www.lepicerieduphare.fr\/accueil\/produit\/chocolat-brest-idee-cadeaux\/mathildette-apero-marrakech-copie\/","title":{"rendered":"Mathildette Ap\u00e9ro Parisienne"},"content":{"rendered":"<h1 class=\"h1\">Mathildette Ap\u00e9ro Parisienne<\/h1>\n<div id=\"product-description-short\">\n<p>Un doux m\u00e9lange de fromage, ail, basilic, oignon, marjolaine, thym et origan, pour une composition fra\u00eeche aux go\u00fbts sains et naturels du jardin. \u00c9l\u00e9gante, la Parisienne !<br \/>\nEt si vous faisiez &#8220;Mathildette&#8221; \u00e0 l&#8217;Ap\u00e9ro ? Le Comptoir de Mathilde r\u00e9volutionne l&#8217;ap\u00e9ro et vous propose une palette color\u00e9e de 7 saveurs de\u00a0Mathildettes dans une ambiance bistrot.<\/p>\n<\/div>\n","protected":false},"excerpt":{"rendered":"<p>Mathildette Ap\u00e9ro Parisienne Un doux m\u00e9lange de fromage, ail, basilic, oignon, marjolaine, thym et origan, pour une composition fra\u00eeche aux go\u00fbts&#8230;<\/p>\n","protected":false},"featured_media":18118,"template":"","meta":{"_monsterinsights_skip_tracking":false,"_monsterinsights_sitenote_active":false,"_monsterinsights_sitenote_note":"","_monsterinsights_sitenote_category":0},"product_brand":[],"product_cat":[120],"product_tag":[],"class_list":{"0":"post-18121","1":"product","2":"type-product","3":"status-publish","4":"has-post-thumbnail","6":"product_cat-apero","8":"first","9":"instock","10":"shipping-taxable","11":"purchasable","12":"product-type-simple"},"jetpack_sharing_enabled":true,"_links":{"self":[{"href":"https:\/\/www.lepicerieduphare.fr\/accueil\/wp-json\/wp\/v2\/product\/18121","targetHints":{"allow":["GET"]}}],"collection":[{"href":"https:\/\/www.lepicerieduphare.fr\/accueil\/wp-json\/wp\/v2\/product"}],"about":[{"href":"https:\/\/www.lepicerieduphare.fr\/accueil\/wp-json\/wp\/v2\/types\/product"}],"version-history":[{"count":1,"href":"https:\/\/www.lepicerieduphare.fr\/accueil\/wp-json\/wp\/v2\/product\/18121\/revisions"}],"predecessor-version":[{"id":20191,"href":"https:\/\/www.lepicerieduphare.fr\/accueil\/wp-json\/wp\/v2\/product\/18121\/revisions\/20191"}],"wp:featuredmedia":[{"embeddable":true,"href":"https:\/\/www.lepicerieduphare.fr\/accueil\/wp-json\/wp\/v2\/media\/18118"}],"wp:attachment":[{"href":"https:\/\/www.lepicerieduphare.fr\/accueil\/wp-json\/wp\/v2\/media?parent=18121"}],"wp:term":[{"taxonomy":"product_brand","embeddable":true,"href":"https:\/\/www.lepicerieduphare.fr\/accueil\/wp-json\/wp\/v2\/product_brand?post=18121"},{"taxonomy":"product_cat","embeddable":true,"href":"https:\/\/www.lepicerieduphare.fr\/accueil\/wp-json\/wp\/v2\/product_cat?post=18121"},{"taxonomy":"product_tag","embeddable":true,"href":"https:\/\/www.lepicerieduphare.fr\/accueil\/wp-json\/wp\/v2\/product_tag?post=18121"}],"curies":[{"name":"wp","href":"https:\/\/api.w.org\/{rel}","templated":true}]}}