{"id":18105,"date":"2020-04-13T11:30:50","date_gmt":"2020-04-13T09:30:50","guid":{"rendered":"https:\/\/www.lepicerieduphare.fr\/?post_type=product&#038;p=18105"},"modified":"2022-09-16T17:37:59","modified_gmt":"2022-09-16T15:37:59","slug":"baba-orange-et-epices-dhiver-580g-copie","status":"publish","type":"product","link":"https:\/\/www.lepicerieduphare.fr\/accueil\/produit\/chocolat-brest-idee-cadeaux\/baba-orange-et-epices-dhiver-580g-copie\/","title":{"rendered":"Mathildette Ap\u00e9ro Tha\u00eflandaise"},"content":{"rendered":"<h1 class=\"h1\">Mathildette Ap\u00e9ro Tha\u00eflandaise<\/h1>\n<div class=\"product-information\">\n<div id=\"product-description-short-962\">\n<p><a href=\"http:\/\/www.lecomptoirdemathilde.com\/fr\/blog\/24_recette-n19-trempette-apero-melangez-trempez\" target=\"_blank\" rel=\"noopener\">Voir la Recette<\/a><\/p>\n<p>La richesse des <strong>\u00e9pices<\/strong> <strong>tha\u00ef<\/strong> dans un concentr\u00e9 de saveurs \u00e0 base <strong>d&#8217;oignons<\/strong>, <strong>ail<\/strong>, <strong>curry<\/strong>, <strong>curcuma<\/strong> et <strong>piment<\/strong>. Le tout savamment dos\u00e9 pour plaire \u00e0 tous les amateurs de cuisine <strong>asiatique<\/strong> et <strong>exotique<\/strong>.<br \/>\nEt si vous faisiez &#8220;<strong>Mathildette<\/strong>&#8221; \u00e0 l&#8217;Ap\u00e9ro ? Le Comptoir de Mathilde r\u00e9volutionne l&#8217;ap\u00e9ro et vous propose une palette color\u00e9e de <strong>7 saveurs<\/strong> de\u00a0Mathildette dans une ambiance bistrot.<\/p>\n<p><strong>Dip it yourself !<\/strong><\/p>\n<\/div>\n<\/div>\n","protected":false},"excerpt":{"rendered":"<h1 class=\"h1\">Mathildette Ap\u00e9ro Tha\u00eflandaise<\/h1>\n<div class=\"product-information\">\n<div id=\"product-description-short-962\">\n<p><a href=\"http:\/\/www.lecomptoirdemathilde.com\/fr\/blog\/24_recette-n19-trempette-apero-melangez-trempez\">Voir la Recette<\/a><\/p>\n<p>La richesse des <strong>\u00e9pices<\/strong> <strong>tha\u00ef<\/strong> dans un concentr\u00e9 de saveurs \u00e0 base <strong>d&#8217;oignons<\/strong>, <strong>ail<\/strong>, <strong>curry<\/strong>, <strong>curcuma<\/strong> et <strong>piment<\/strong>. Le tout savamment dos\u00e9 pour plaire \u00e0 tous les amateurs de cuisine <strong>asiatique<\/strong> et <strong>exotique<\/strong>.<br \/>\nEt si vous faisiez &#8220;<strong>Mathildette<\/strong>&#8221; \u00e0 l&#8217;Ap\u00e9ro ? Le Comptoir de Mathilde r\u00e9volutionne l&#8217;ap\u00e9ro et vous propose une palette color\u00e9e de <strong>7 saveurs<\/strong> de\u00a0Mathildette dans une ambiance bistrot.<\/p>\n<p><strong>Dip it yourself !<\/strong><\/p>\n<\/div>\n<\/div>\n","protected":false},"featured_media":18106,"template":"","meta":{"_monsterinsights_skip_tracking":false,"_monsterinsights_sitenote_active":false,"_monsterinsights_sitenote_note":"","_monsterinsights_sitenote_category":0},"product_brand":[],"product_cat":[120],"product_tag":[],"class_list":{"0":"post-18105","1":"product","2":"type-product","3":"status-publish","4":"has-post-thumbnail","6":"product_cat-apero","8":"first","9":"instock","10":"shipping-taxable","11":"purchasable","12":"product-type-simple"},"jetpack_sharing_enabled":true,"_links":{"self":[{"href":"https:\/\/www.lepicerieduphare.fr\/accueil\/wp-json\/wp\/v2\/product\/18105","targetHints":{"allow":["GET"]}}],"collection":[{"href":"https:\/\/www.lepicerieduphare.fr\/accueil\/wp-json\/wp\/v2\/product"}],"about":[{"href":"https:\/\/www.lepicerieduphare.fr\/accueil\/wp-json\/wp\/v2\/types\/product"}],"version-history":[{"count":1,"href":"https:\/\/www.lepicerieduphare.fr\/accueil\/wp-json\/wp\/v2\/product\/18105\/revisions"}],"predecessor-version":[{"id":20194,"href":"https:\/\/www.lepicerieduphare.fr\/accueil\/wp-json\/wp\/v2\/product\/18105\/revisions\/20194"}],"wp:featuredmedia":[{"embeddable":true,"href":"https:\/\/www.lepicerieduphare.fr\/accueil\/wp-json\/wp\/v2\/media\/18106"}],"wp:attachment":[{"href":"https:\/\/www.lepicerieduphare.fr\/accueil\/wp-json\/wp\/v2\/media?parent=18105"}],"wp:term":[{"taxonomy":"product_brand","embeddable":true,"href":"https:\/\/www.lepicerieduphare.fr\/accueil\/wp-json\/wp\/v2\/product_brand?post=18105"},{"taxonomy":"product_cat","embeddable":true,"href":"https:\/\/www.lepicerieduphare.fr\/accueil\/wp-json\/wp\/v2\/product_cat?post=18105"},{"taxonomy":"product_tag","embeddable":true,"href":"https:\/\/www.lepicerieduphare.fr\/accueil\/wp-json\/wp\/v2\/product_tag?post=18105"}],"curies":[{"name":"wp","href":"https:\/\/api.w.org\/{rel}","templated":true}]}}