{"id":17894,"date":"2020-04-03T17:05:32","date_gmt":"2020-04-03T15:05:32","guid":{"rendered":"https:\/\/www.lepicerieduphare.fr\/?post_type=product&#038;p=17894"},"modified":"2022-09-16T17:38:09","modified_gmt":"2022-09-16T15:38:09","slug":"noisettes-du-piemont-chocolat-au-lait-chocolat-a-casser-copie","status":"publish","type":"product","link":"https:\/\/www.lepicerieduphare.fr\/accueil\/produit\/chocolat-brest-idee-cadeaux\/noisettes-du-piemont-chocolat-au-lait-chocolat-a-casser-copie\/","title":{"rendered":"Calisson et Nougat Chocolat noir &#8211; Chocolat \u00e0 casser"},"content":{"rendered":"<h1 class=\"h1\">Calisson et Nougat Chocolat noir &#8211; Chocolat \u00e0 casser 400G<\/h1>\n<div id=\"product-description-short\">\n<p>Le Chocolat \u00e0 casser aux \u00e9clats de nougat et aux Calissons. Jolie bo\u00eete accompagn\u00e9e d&#8217;un maillet en bois. Pour rompre les soir\u00e9es monotones. Cette plaque de 400 gr de Chocolat se partage seul, en famille ou entre amis&#8230;<\/p>\n<\/div>\n","protected":false},"excerpt":{"rendered":"<div id=\"product-description-short\">\n<p>&#8216;<\/p>\n<\/div>\n","protected":false},"featured_media":17895,"template":"","meta":{"_monsterinsights_skip_tracking":false,"_monsterinsights_sitenote_active":false,"_monsterinsights_sitenote_note":"","_monsterinsights_sitenote_category":0},"product_brand":[],"product_cat":[116],"product_tag":[],"class_list":{"0":"post-17894","1":"product","2":"type-product","3":"status-publish","4":"has-post-thumbnail","6":"product_cat-chocolat-a-casser","8":"first","9":"instock","10":"shipping-taxable","11":"purchasable","12":"product-type-simple"},"jetpack_sharing_enabled":true,"_links":{"self":[{"href":"https:\/\/www.lepicerieduphare.fr\/accueil\/wp-json\/wp\/v2\/product\/17894","targetHints":{"allow":["GET"]}}],"collection":[{"href":"https:\/\/www.lepicerieduphare.fr\/accueil\/wp-json\/wp\/v2\/product"}],"about":[{"href":"https:\/\/www.lepicerieduphare.fr\/accueil\/wp-json\/wp\/v2\/types\/product"}],"version-history":[{"count":1,"href":"https:\/\/www.lepicerieduphare.fr\/accueil\/wp-json\/wp\/v2\/product\/17894\/revisions"}],"predecessor-version":[{"id":20502,"href":"https:\/\/www.lepicerieduphare.fr\/accueil\/wp-json\/wp\/v2\/product\/17894\/revisions\/20502"}],"wp:featuredmedia":[{"embeddable":true,"href":"https:\/\/www.lepicerieduphare.fr\/accueil\/wp-json\/wp\/v2\/media\/17895"}],"wp:attachment":[{"href":"https:\/\/www.lepicerieduphare.fr\/accueil\/wp-json\/wp\/v2\/media?parent=17894"}],"wp:term":[{"taxonomy":"product_brand","embeddable":true,"href":"https:\/\/www.lepicerieduphare.fr\/accueil\/wp-json\/wp\/v2\/product_brand?post=17894"},{"taxonomy":"product_cat","embeddable":true,"href":"https:\/\/www.lepicerieduphare.fr\/accueil\/wp-json\/wp\/v2\/product_cat?post=17894"},{"taxonomy":"product_tag","embeddable":true,"href":"https:\/\/www.lepicerieduphare.fr\/accueil\/wp-json\/wp\/v2\/product_tag?post=17894"}],"curies":[{"name":"wp","href":"https:\/\/api.w.org\/{rel}","templated":true}]}}