{"id":17890,"date":"2020-04-03T16:57:46","date_gmt":"2020-04-03T14:57:46","guid":{"rendered":"https:\/\/www.lepicerieduphare.fr\/?post_type=product&#038;p=17890"},"modified":"2022-09-16T17:38:24","modified_gmt":"2022-09-16T15:38:24","slug":"chocolat-au-lait-fraises-baies-de-goji-cranberries-chocolat-a-casser-copie-2","status":"publish","type":"product","link":"https:\/\/www.lepicerieduphare.fr\/accueil\/produit\/chocolat-brest-idee-cadeaux\/chocolat-au-lait-fraises-baies-de-goji-cranberries-chocolat-a-casser-copie-2\/","title":{"rendered":"Chocolat au lait Oscar ourson guimauve \u2013 Chocolat \u00e0 casser"},"content":{"rendered":"<h1 class=\"h1\">Chocolat au lait Oscar ourson guimauve \u2013 Chocolat \u00e0 casser 400G<\/h1>\n<div id=\"product-description-short\">\n<p>Parce-que <strong>Oscar <\/strong>et tendre et d\u00e9licat. Parce-qu\u2019il prend soin de vous, aime vous bichonner et vous faire d\u00e9couvrir le septi\u00e8me .. sens\u00a0: celui du plaisir gourmand, partez \u00e0 la d\u00e9couverte de notre <strong>chocolat \u00e0 casser<\/strong> au lait. D\u00e9couvrez notre chocolat au lait d\u00e9cor\u00e9 de guimauve enrob\u00e9e de <strong>chocolat au<\/strong> <strong>lait<\/strong>, <strong>marbrage chocolat <\/strong>noir et <strong>\u00e9clats de meringues <\/strong>pr\u00e9sent\u00e9 dans un coffret avec son <strong>maillet en bois<\/strong>.<\/p>\n<\/div>\n<p>&nbsp;<\/p>\n<p>&nbsp;<\/p>\n<p>&nbsp;<\/p>\n<p>&nbsp;<\/p>\n","protected":false},"excerpt":{"rendered":"<h1 class=\"h1\">Chocolat au lait Oscar ourson guimauve \u2013 Chocolat \u00e0 casser<\/h1>\n<div id=\"product-description-short\">\n<p>Parce-que <strong>Oscar <\/strong>et tendre et d\u00e9licat. Parce-qu\u2019il prend soin de vous, aime vous bichonner et vous faire d\u00e9couvrir le septi\u00e8me .. sens\u00a0: celui du plaisir gourmand, partez \u00e0 la d\u00e9couverte de notre <strong>chocolat \u00e0 casser<\/strong> au lait. D\u00e9couvrez notre chocolat au lait d\u00e9cor\u00e9 de guimauve enrob\u00e9e de <strong>chocolat au<\/strong> <strong>lait<\/strong>, <strong>marbrage chocolat <\/strong>noir et <strong>\u00e9clats de meringues <\/strong>pr\u00e9sent\u00e9 dans un coffret avec son <strong>maillet en bois<\/strong>.<\/p>\n<\/div>\n<p>400G<\/p>\n<p>&nbsp;<\/p>\n<p>&nbsp;<\/p>\n","protected":false},"featured_media":17891,"template":"","meta":{"_monsterinsights_skip_tracking":false,"_monsterinsights_sitenote_active":false,"_monsterinsights_sitenote_note":"","_monsterinsights_sitenote_category":0},"product_brand":[],"product_cat":[116],"product_tag":[],"class_list":{"0":"post-17890","1":"product","2":"type-product","3":"status-publish","4":"has-post-thumbnail","6":"product_cat-chocolat-a-casser","8":"first","9":"instock","10":"shipping-taxable","11":"purchasable","12":"product-type-simple"},"jetpack_sharing_enabled":true,"_links":{"self":[{"href":"https:\/\/www.lepicerieduphare.fr\/accueil\/wp-json\/wp\/v2\/product\/17890","targetHints":{"allow":["GET"]}}],"collection":[{"href":"https:\/\/www.lepicerieduphare.fr\/accueil\/wp-json\/wp\/v2\/product"}],"about":[{"href":"https:\/\/www.lepicerieduphare.fr\/accueil\/wp-json\/wp\/v2\/types\/product"}],"version-history":[{"count":1,"href":"https:\/\/www.lepicerieduphare.fr\/accueil\/wp-json\/wp\/v2\/product\/17890\/revisions"}],"predecessor-version":[{"id":20504,"href":"https:\/\/www.lepicerieduphare.fr\/accueil\/wp-json\/wp\/v2\/product\/17890\/revisions\/20504"}],"wp:featuredmedia":[{"embeddable":true,"href":"https:\/\/www.lepicerieduphare.fr\/accueil\/wp-json\/wp\/v2\/media\/17891"}],"wp:attachment":[{"href":"https:\/\/www.lepicerieduphare.fr\/accueil\/wp-json\/wp\/v2\/media?parent=17890"}],"wp:term":[{"taxonomy":"product_brand","embeddable":true,"href":"https:\/\/www.lepicerieduphare.fr\/accueil\/wp-json\/wp\/v2\/product_brand?post=17890"},{"taxonomy":"product_cat","embeddable":true,"href":"https:\/\/www.lepicerieduphare.fr\/accueil\/wp-json\/wp\/v2\/product_cat?post=17890"},{"taxonomy":"product_tag","embeddable":true,"href":"https:\/\/www.lepicerieduphare.fr\/accueil\/wp-json\/wp\/v2\/product_tag?post=17890"}],"curies":[{"name":"wp","href":"https:\/\/api.w.org\/{rel}","templated":true}]}}