{"id":17718,"date":"2020-03-28T10:35:25","date_gmt":"2020-03-28T09:35:25","guid":{"rendered":"https:\/\/www.lepicerieduphare.fr\/?post_type=product&#038;p=17718"},"modified":"2022-09-16T17:38:44","modified_gmt":"2022-09-16T15:38:44","slug":"tablette-pralines-roses-de-lyon-chocolat-noir-80g-copie","status":"publish","type":"product","link":"https:\/\/www.lepicerieduphare.fr\/accueil\/produit\/chocolat-brest-idee-cadeaux\/tablette-pralines-roses-de-lyon-chocolat-noir-80g-copie\/","title":{"rendered":"Tablette Noisettes &#8211; Chocolat lait 80G"},"content":{"rendered":"<h1 class=\"h1\">Tablette Noisettes &#8211; Chocolat lait<\/h1>\n<div id=\"vue-product-prices\" class=\"product-prices\">\n<div class=\"product-price h5 \">\n<div class=\"current-price\">4,00\u00a0\u20ac<\/div>\n<p class=\"product-unit-price sub\">(50,00\u00a0\u20ac kilo)<\/p>\n<\/div>\n<\/div>\n<div id=\"product-description-short\">\n<p>Le Comptoir de Mathilde est pass\u00e9 ma\u00eetre dans l&#8217;art de confectionner les meilleurs chocolats pour le plus grand plaisir des gourmands. Confectionn\u00e9es de fa\u00e7on artisanale dans la fabrique, nos cr\u00e9ations sauront vous offrir de douces associations de saveurs, provoquer des d\u00e9couvertes gustatives ou encore de fabuleux voyages exotiques sensoriels.<\/p>\n<\/div>\n<p>&nbsp;<\/p>\n<p>&nbsp;<\/p>\n<p>&nbsp;<\/p>\n<p>&nbsp;<\/p>\n<p>&nbsp;<\/p>\n<p>&nbsp;<\/p>\n<p>&nbsp;<\/p>\n<p>&nbsp;<\/p>\n<p>&nbsp;<\/p>\n","protected":false},"excerpt":{"rendered":"<h1 class=\"h1\">Tablette Noisettes &#8211; Chocolat lait<\/h1>\n<div id=\"vue-product-prices\" class=\"product-prices\">\n<div class=\"product-price h5 \">\n<div class=\"current-price\">4,00\u00a0\u20ac<\/div>\n<p class=\"product-unit-price sub\">(50,00\u00a0\u20ac kilo)<\/p>\n<\/div>\n<\/div>\n<div id=\"product-description-short\">\n<p>Le Comptoir de Mathilde est pass\u00e9 ma\u00eetre dans l&#8217;art de confectionner les meilleurs chocolats pour le plus grand plaisir des gourmands. Confectionn\u00e9es de fa\u00e7on artisanale dans la fabrique, nos cr\u00e9ations sauront vous offrir de douces associations de saveurs, provoquer des d\u00e9couvertes gustatives ou encore de fabuleux voyages exotiques sensoriels.<\/p>\n<\/div>\n<p>&nbsp;<\/p>\n<p>&nbsp;<\/p>\n<p>&nbsp;<\/p>\n<p>&nbsp;<\/p>\n","protected":false},"featured_media":17719,"template":"","meta":{"_monsterinsights_skip_tracking":false,"_monsterinsights_sitenote_active":false,"_monsterinsights_sitenote_note":"","_monsterinsights_sitenote_category":0},"product_brand":[],"product_cat":[116],"product_tag":[],"class_list":{"0":"post-17718","1":"product","2":"type-product","3":"status-publish","4":"has-post-thumbnail","6":"product_cat-chocolat-a-casser","8":"first","9":"instock","10":"shipping-taxable","11":"purchasable","12":"product-type-simple"},"jetpack_sharing_enabled":true,"_links":{"self":[{"href":"https:\/\/www.lepicerieduphare.fr\/accueil\/wp-json\/wp\/v2\/product\/17718","targetHints":{"allow":["GET"]}}],"collection":[{"href":"https:\/\/www.lepicerieduphare.fr\/accueil\/wp-json\/wp\/v2\/product"}],"about":[{"href":"https:\/\/www.lepicerieduphare.fr\/accueil\/wp-json\/wp\/v2\/types\/product"}],"version-history":[{"count":1,"href":"https:\/\/www.lepicerieduphare.fr\/accueil\/wp-json\/wp\/v2\/product\/17718\/revisions"}],"predecessor-version":[{"id":20506,"href":"https:\/\/www.lepicerieduphare.fr\/accueil\/wp-json\/wp\/v2\/product\/17718\/revisions\/20506"}],"wp:featuredmedia":[{"embeddable":true,"href":"https:\/\/www.lepicerieduphare.fr\/accueil\/wp-json\/wp\/v2\/media\/17719"}],"wp:attachment":[{"href":"https:\/\/www.lepicerieduphare.fr\/accueil\/wp-json\/wp\/v2\/media?parent=17718"}],"wp:term":[{"taxonomy":"product_brand","embeddable":true,"href":"https:\/\/www.lepicerieduphare.fr\/accueil\/wp-json\/wp\/v2\/product_brand?post=17718"},{"taxonomy":"product_cat","embeddable":true,"href":"https:\/\/www.lepicerieduphare.fr\/accueil\/wp-json\/wp\/v2\/product_cat?post=17718"},{"taxonomy":"product_tag","embeddable":true,"href":"https:\/\/www.lepicerieduphare.fr\/accueil\/wp-json\/wp\/v2\/product_tag?post=17718"}],"curies":[{"name":"wp","href":"https:\/\/api.w.org\/{rel}","templated":true}]}}