{"id":17665,"date":"2020-03-23T12:17:41","date_gmt":"2020-03-23T11:17:41","guid":{"rendered":"https:\/\/www.lepicerieduphare.fr\/?post_type=product&#038;p=17665"},"modified":"2021-02-24T15:33:33","modified_gmt":"2021-02-24T14:33:33","slug":"la-pralinaise-a-la-praline-rose-pate-a-tartiner-250g-copie","status":"publish","type":"product","link":"https:\/\/www.lepicerieduphare.fr\/accueil\/produit\/chocolat-brest-idee-cadeaux\/la-pralinaise-a-la-praline-rose-pate-a-tartiner-250g-copie\/","title":{"rendered":"Noir Noisette &#8211; P\u00e2te \u00e0 Tartiner 250G"},"content":{"rendered":"<h1 class=\"h1\">NOIR NOISETTES &#8211; P\u00e2te \u00e0 Tartiner 250G<\/h1>\n<div id=\"product-description-short-1553\">\n<p>Une <strong>p\u00e2te \u00e0 tartiner<\/strong> au bon go\u00fbt de <strong>noisette<\/strong>\u00a0! C\u2019est tout le plaisir que nous vous souhaitons \u00e0 la d\u00e9gustation de notre p\u00e2te \u00e0 tartiner <strong>noir noisette<\/strong>. Avec une <strong>teneur en noisette<\/strong> qui d\u00e9passe celle disponible dans la plupart des p\u00e2tes \u00e0 tartiner, le <strong>go\u00fbt<\/strong> \u2018d\u2019y reviens-y\u2019 prendra tout son sens.<\/p>\n<p>Pionnier dans la r\u00e9alisation d\u2019une p\u00e2te \u00e0 tartiner <strong>SANS OGM et SANS HUILE DE PALME<\/strong> c\u2019est tout notre <strong>savoir-faire<\/strong> que nous avons voulu retranscrire dans ce pot de noir noisette.<\/p>\n<p>Id\u00e9ale sur votre pain grill\u00e9, une brioche comme \u00e0 la maison ou encore des cr\u00eapes qui viennent juste d\u2019\u00eatres faites.<\/p>\n<\/div>\n<p>&nbsp;<\/p>\n<p>&nbsp;<\/p>\n<p>&nbsp;<\/p>\n","protected":false},"excerpt":{"rendered":"<p>DLC 6\/20<\/p>\n<div id=\"product-description-short-1553\">\n<p>Une <strong>p\u00e2te \u00e0 tartiner<\/strong> au bon go\u00fbt de <strong>noisette<\/strong>\u00a0! C\u2019est tout le plaisir que nous vous souhaitons \u00e0 la d\u00e9gustation de notre p\u00e2te \u00e0 tartiner <strong>noir noisette<\/strong>. Avec une <strong>teneur en noisette<\/strong> qui d\u00e9passe celle disponible dans la plupart des p\u00e2tes \u00e0 tartiner, le <strong>go\u00fbt<\/strong> \u2018d\u2019y reviens-y\u2019 prendra tout son sens.<\/p>\n<p>Pionnier dans la r\u00e9alisation d\u2019une p\u00e2te \u00e0 tartiner <strong>SANS OGM et SANS HUILE DE PALME<\/strong> c\u2019est tout notre <strong>savoir-faire<\/strong> que nous avons voulu retranscrire dans ce pot de noir noisette.<\/p>\n<p>Id\u00e9ale sur votre pain grill\u00e9, une brioche comme \u00e0 la maison ou encore des cr\u00eapes qui viennent juste d\u2019\u00eatres faites.<\/p>\n<\/div>\n<p>&nbsp;<\/p>\n","protected":false},"featured_media":17666,"template":"","meta":{"_monsterinsights_skip_tracking":false,"_monsterinsights_sitenote_active":false,"_monsterinsights_sitenote_note":"","_monsterinsights_sitenote_category":0},"product_brand":[],"product_cat":[124],"product_tag":[],"class_list":{"0":"post-17665","1":"product","2":"type-product","3":"status-publish","4":"has-post-thumbnail","6":"product_cat-pates-a-tartiner","8":"first","9":"instock","10":"shipping-taxable","11":"purchasable","12":"product-type-simple"},"jetpack_sharing_enabled":true,"_links":{"self":[{"href":"https:\/\/www.lepicerieduphare.fr\/accueil\/wp-json\/wp\/v2\/product\/17665","targetHints":{"allow":["GET"]}}],"collection":[{"href":"https:\/\/www.lepicerieduphare.fr\/accueil\/wp-json\/wp\/v2\/product"}],"about":[{"href":"https:\/\/www.lepicerieduphare.fr\/accueil\/wp-json\/wp\/v2\/types\/product"}],"version-history":[{"count":0,"href":"https:\/\/www.lepicerieduphare.fr\/accueil\/wp-json\/wp\/v2\/product\/17665\/revisions"}],"wp:featuredmedia":[{"embeddable":true,"href":"https:\/\/www.lepicerieduphare.fr\/accueil\/wp-json\/wp\/v2\/media\/17666"}],"wp:attachment":[{"href":"https:\/\/www.lepicerieduphare.fr\/accueil\/wp-json\/wp\/v2\/media?parent=17665"}],"wp:term":[{"taxonomy":"product_brand","embeddable":true,"href":"https:\/\/www.lepicerieduphare.fr\/accueil\/wp-json\/wp\/v2\/product_brand?post=17665"},{"taxonomy":"product_cat","embeddable":true,"href":"https:\/\/www.lepicerieduphare.fr\/accueil\/wp-json\/wp\/v2\/product_cat?post=17665"},{"taxonomy":"product_tag","embeddable":true,"href":"https:\/\/www.lepicerieduphare.fr\/accueil\/wp-json\/wp\/v2\/product_tag?post=17665"}],"curies":[{"name":"wp","href":"https:\/\/api.w.org\/{rel}","templated":true}]}}