{"id":17646,"date":"2020-03-23T11:30:30","date_gmt":"2020-03-23T10:30:30","guid":{"rendered":"https:\/\/www.lepicerieduphare.fr\/?post_type=product&#038;p=17646"},"modified":"2022-05-27T15:09:53","modified_gmt":"2022-05-27T13:09:53","slug":"coffret-mini-moulin-sel-himalaya-et-melange-4-poivres-et-baies-copie","status":"publish","type":"product","link":"https:\/\/www.lepicerieduphare.fr\/accueil\/produit\/chocolat-brest-idee-cadeaux\/coffret-mini-moulin-sel-himalaya-et-melange-4-poivres-et-baies-copie\/","title":{"rendered":"PAIN D&#8217;EPICES NATURE 300G"},"content":{"rendered":"<p>Pain d&#8217;\u00e9pices nature 300G<\/p>\n<p>D\u00e9couvrez une gamme exceptionnelle aux multiples saveurs pour le petit-d\u00e9jeuner, le go\u00fbter ou la fin de la journ\u00e9e !<br \/>\n.. et m\u00eame pour les petits creux.<\/p>\n<p>Savoureux pain d&#8217;\u00e9pices nature.<\/p>\n","protected":false},"excerpt":{"rendered":"<p>D\u00e9couvrez une gamme exceptionnelle aux multiples saveurs pour le petit-d\u00e9jeuner, le go\u00fbter ou la fin de la journ\u00e9e !<br \/>\n.. et m\u00eame pour les petits creux.<\/p>\n<p>Savoureux pain d&#8217;\u00e9pices nature.<\/p>\n<p>&nbsp;<\/p>\n<p>&nbsp;<\/p>\n","protected":false},"featured_media":17648,"template":"","meta":{"_monsterinsights_skip_tracking":false,"_monsterinsights_sitenote_active":false,"_monsterinsights_sitenote_note":"","_monsterinsights_sitenote_category":0},"product_brand":[],"product_cat":[138],"product_tag":[],"class_list":{"0":"post-17646","1":"product","2":"type-product","3":"status-publish","4":"has-post-thumbnail","6":"product_cat-biscuits","8":"first","9":"outofstock","10":"shipping-taxable","11":"purchasable","12":"product-type-simple"},"jetpack_sharing_enabled":true,"_links":{"self":[{"href":"https:\/\/www.lepicerieduphare.fr\/accueil\/wp-json\/wp\/v2\/product\/17646","targetHints":{"allow":["GET"]}}],"collection":[{"href":"https:\/\/www.lepicerieduphare.fr\/accueil\/wp-json\/wp\/v2\/product"}],"about":[{"href":"https:\/\/www.lepicerieduphare.fr\/accueil\/wp-json\/wp\/v2\/types\/product"}],"version-history":[{"count":0,"href":"https:\/\/www.lepicerieduphare.fr\/accueil\/wp-json\/wp\/v2\/product\/17646\/revisions"}],"wp:featuredmedia":[{"embeddable":true,"href":"https:\/\/www.lepicerieduphare.fr\/accueil\/wp-json\/wp\/v2\/media\/17648"}],"wp:attachment":[{"href":"https:\/\/www.lepicerieduphare.fr\/accueil\/wp-json\/wp\/v2\/media?parent=17646"}],"wp:term":[{"taxonomy":"product_brand","embeddable":true,"href":"https:\/\/www.lepicerieduphare.fr\/accueil\/wp-json\/wp\/v2\/product_brand?post=17646"},{"taxonomy":"product_cat","embeddable":true,"href":"https:\/\/www.lepicerieduphare.fr\/accueil\/wp-json\/wp\/v2\/product_cat?post=17646"},{"taxonomy":"product_tag","embeddable":true,"href":"https:\/\/www.lepicerieduphare.fr\/accueil\/wp-json\/wp\/v2\/product_tag?post=17646"}],"curies":[{"name":"wp","href":"https:\/\/api.w.org\/{rel}","templated":true}]}}