{"id":17543,"date":"2020-03-20T15:47:11","date_gmt":"2020-03-20T14:47:11","guid":{"rendered":"https:\/\/www.lepicerieduphare.fr\/?post_type=product&#038;p=17543"},"modified":"2021-03-21T10:47:31","modified_gmt":"2021-03-21T09:47:31","slug":"caramel-a-tartiner-eclats-de-caramel-270g-copie-2","status":"publish","type":"product","link":"https:\/\/www.lepicerieduphare.fr\/accueil\/produit\/chocolat-brest-idee-cadeaux\/caramel-a-tartiner-eclats-de-caramel-270g-copie-2\/","title":{"rendered":"PATE A TARTINER LAIT noisette SPECULOOS 250G"},"content":{"rendered":"<p>PATE A TARTINER LAIT noisette SPECULOOS 250G<\/p>\n<p>D\u00e9couvrez toute l\u2019originalit\u00e9 de notre <strong>p\u00e2te \u00e0 tartiner lait noisette sp\u00e9culoos<\/strong> dans un format 250g. Gr\u00e2ce \u00e0 sa texture et son go\u00fbt si particulier, vous pourrez ressentir toutes les sp\u00e9cificit\u00e9s qui rendent ce biscuit si plaisant \u00e0 manger. Un go\u00fbt de sp\u00e9culoos, une <strong>forte teneur en p\u00e2te de noisette<\/strong> .. le tout <strong>SANS OGM et SANS HUILE DE PALME<\/strong>\u00a0.. le bonheur ne se trouve qu\u2019\u00e0 un pas de votre bouche.<\/p>\n<p>Id\u00e9ale dans une recette sucr\u00e9e, ou sur une tartine de pain, de brioche. Peut \u00e9galement accompagner vos <strong>muesli<\/strong> et <strong>porridge<\/strong>.<\/p>\n<p>Vous constatez un peu de mati\u00e8re grasse sur le dessus de votre p\u00e2te\u00a0? C\u2019est normal\u00a0! Cela s\u2019appelle le \u00ab\u00a0<strong>d\u00e9phasage<\/strong>\u00a0\u00bb. Il s\u2019agit d\u2019une r\u00e9action naturelle dans un produit naturel. Pour redonner la texture habituelle \u00e0 votre p\u00e2te, il vous suffit de m\u00e9langer.<\/p>\n<p>&nbsp;<\/p>\n<p>&nbsp;<\/p>\n<p>&nbsp;<\/p>\n","protected":false},"excerpt":{"rendered":"<p>PATE A TARTINER LAIT noisette SPECULOOS 250G<\/p>\n<p>DLC\u00a0 5\/20 , PETIT PRIX<\/p>\n<p>Le Comptoir de Mathilde est le sp\u00e9cialiste de la p\u00e2te \u00e0 tartiner artisanale SANS huile de palme NI<br \/>\nOGM. Confectionn\u00e9e \u00e0 partir d&#8217;ingr\u00e9dients de qualit\u00e9, cette p\u00e2te \u00e0 tartiner lait noisette sans sucre<br \/>\nest \u00e0 d\u00e9guster sans mod\u00e9ration.<\/p>\n","protected":false},"featured_media":17544,"template":"","meta":{"_monsterinsights_skip_tracking":false,"_monsterinsights_sitenote_active":false,"_monsterinsights_sitenote_note":"","_monsterinsights_sitenote_category":0},"product_brand":[],"product_cat":[124],"product_tag":[],"class_list":{"0":"post-17543","1":"product","2":"type-product","3":"status-publish","4":"has-post-thumbnail","6":"product_cat-pates-a-tartiner","8":"first","9":"instock","10":"shipping-taxable","11":"purchasable","12":"product-type-simple"},"jetpack_sharing_enabled":true,"_links":{"self":[{"href":"https:\/\/www.lepicerieduphare.fr\/accueil\/wp-json\/wp\/v2\/product\/17543","targetHints":{"allow":["GET"]}}],"collection":[{"href":"https:\/\/www.lepicerieduphare.fr\/accueil\/wp-json\/wp\/v2\/product"}],"about":[{"href":"https:\/\/www.lepicerieduphare.fr\/accueil\/wp-json\/wp\/v2\/types\/product"}],"version-history":[{"count":0,"href":"https:\/\/www.lepicerieduphare.fr\/accueil\/wp-json\/wp\/v2\/product\/17543\/revisions"}],"wp:featuredmedia":[{"embeddable":true,"href":"https:\/\/www.lepicerieduphare.fr\/accueil\/wp-json\/wp\/v2\/media\/17544"}],"wp:attachment":[{"href":"https:\/\/www.lepicerieduphare.fr\/accueil\/wp-json\/wp\/v2\/media?parent=17543"}],"wp:term":[{"taxonomy":"product_brand","embeddable":true,"href":"https:\/\/www.lepicerieduphare.fr\/accueil\/wp-json\/wp\/v2\/product_brand?post=17543"},{"taxonomy":"product_cat","embeddable":true,"href":"https:\/\/www.lepicerieduphare.fr\/accueil\/wp-json\/wp\/v2\/product_cat?post=17543"},{"taxonomy":"product_tag","embeddable":true,"href":"https:\/\/www.lepicerieduphare.fr\/accueil\/wp-json\/wp\/v2\/product_tag?post=17543"}],"curies":[{"name":"wp","href":"https:\/\/api.w.org\/{rel}","templated":true}]}}