{"id":11860,"date":"2019-10-03T22:48:10","date_gmt":"2019-10-03T20:48:10","guid":{"rendered":"http:\/\/www.lepicerieduphare.fr\/?post_type=product&#038;p=11860"},"modified":"2021-07-20T19:47:09","modified_gmt":"2021-07-20T17:47:09","slug":"perle-petillante","status":"publish","type":"product","link":"https:\/\/www.lepicerieduphare.fr\/accueil\/produit\/chocolat-brest-idee-cadeaux\/perle-petillante\/","title":{"rendered":"Perle P\u00e9tillante 200g"},"content":{"rendered":"<p>Le Comptoir de Mathilde est pass\u00e9 ma\u00eetre dans l&#8217;art de confectionner les meilleurs chocolats pour le plus grand plaisir des gourmands. Confectionn\u00e9es de fa\u00e7on artisanale dans la fabrique, nos cr\u00e9ations sauront vous offrir de douces associations de saveurs, provoquer des d\u00e9couvertes gustatives ou encore de fabuleux voyages exotiques sensoriels. Succombez \u00e0 la finesse et \u00e0 l&#8217;originalit\u00e9 de notre gamme cr\u00e9ative de chocolats !<\/p>\n","protected":false},"excerpt":{"rendered":"<p>Confectionn\u00e9es de fa\u00e7on artisanale dans la fabrique, nos cr\u00e9ations sauront vous offrir de douces associations de saveurs, provoquer des d\u00e9couvertes gustatives ou encore de fabuleux voyages exotiques sensoriels. Succombez \u00e0 la finesse et \u00e0 l&#8217;originalit\u00e9 de notre gamme cr\u00e9ative de chocolats !<\/p>\n<p>Pr\u00e9ciser l\u2019UGS (mod\u00e8le choisie), exemple : &#8220;Noix&#8221; sur votre bon de commande papier.<\/p>\n","protected":false},"featured_media":11865,"template":"","meta":{"_monsterinsights_skip_tracking":false,"_monsterinsights_sitenote_active":false,"_monsterinsights_sitenote_note":"","_monsterinsights_sitenote_category":0},"product_brand":[],"product_cat":[116],"product_tag":[],"class_list":{"0":"post-11860","1":"product","2":"type-product","3":"status-publish","4":"has-post-thumbnail","6":"product_cat-chocolat-a-casser","8":"first","9":"instock","10":"shipping-taxable","11":"purchasable","12":"product-type-variable","13":"has-default-attributes"},"jetpack_sharing_enabled":true,"_links":{"self":[{"href":"https:\/\/www.lepicerieduphare.fr\/accueil\/wp-json\/wp\/v2\/product\/11860","targetHints":{"allow":["GET"]}}],"collection":[{"href":"https:\/\/www.lepicerieduphare.fr\/accueil\/wp-json\/wp\/v2\/product"}],"about":[{"href":"https:\/\/www.lepicerieduphare.fr\/accueil\/wp-json\/wp\/v2\/types\/product"}],"version-history":[{"count":1,"href":"https:\/\/www.lepicerieduphare.fr\/accueil\/wp-json\/wp\/v2\/product\/11860\/revisions"}],"predecessor-version":[{"id":17421,"href":"https:\/\/www.lepicerieduphare.fr\/accueil\/wp-json\/wp\/v2\/product\/11860\/revisions\/17421"}],"wp:featuredmedia":[{"embeddable":true,"href":"https:\/\/www.lepicerieduphare.fr\/accueil\/wp-json\/wp\/v2\/media\/11865"}],"wp:attachment":[{"href":"https:\/\/www.lepicerieduphare.fr\/accueil\/wp-json\/wp\/v2\/media?parent=11860"}],"wp:term":[{"taxonomy":"product_brand","embeddable":true,"href":"https:\/\/www.lepicerieduphare.fr\/accueil\/wp-json\/wp\/v2\/product_brand?post=11860"},{"taxonomy":"product_cat","embeddable":true,"href":"https:\/\/www.lepicerieduphare.fr\/accueil\/wp-json\/wp\/v2\/product_cat?post=11860"},{"taxonomy":"product_tag","embeddable":true,"href":"https:\/\/www.lepicerieduphare.fr\/accueil\/wp-json\/wp\/v2\/product_tag?post=11860"}],"curies":[{"name":"wp","href":"https:\/\/api.w.org\/{rel}","templated":true}]}}