{"id":11854,"date":"2019-10-03T22:22:04","date_gmt":"2019-10-03T20:22:04","guid":{"rendered":"http:\/\/www.lepicerieduphare.fr\/?post_type=product&#038;p=11854"},"modified":"2022-09-16T17:35:04","modified_gmt":"2022-09-16T15:35:04","slug":"4-choc-chocolat-noir-chocolat-a-casser-copie","status":"publish","type":"product","link":"https:\/\/www.lepicerieduphare.fr\/accueil\/produit\/chocolat-brest-idee-cadeaux\/4-choc-chocolat-noir-chocolat-a-casser-copie\/","title":{"rendered":"4 Choc&#8217; Chocolat noir &#8211; Chocolat \u00e0 casser"},"content":{"rendered":"<p>Le Comptoir de Mathilde est pass\u00e9 ma\u00eetre dans m&#8217;art de confectionner les meilleurs chocolats pour le plus grand plaisir des gourmands. Confectionn\u00e9es de fa\u00e7on artisanale dans la fabrique, nos cr\u00e9ations sauront vous offrir de douces associations de saveurs, provoquer des d\u00e9couvertes gustatives ou encore de fabuleux voyages exotiques sensoriels. Succombez \u00e0 la finesse et \u00e0 l&#8217;originalit\u00e9 de notre gamme cr\u00e9ative de chocolats !<\/p>\n","protected":false},"excerpt":{"rendered":"<p>&nbsp;<\/p>\n<p>Vous en un inconditionnel du chocolat noir ! Le Comptoir de Mathilde a cr\u00e9\u00e9 pour vous &#8220;Le 4 Choc'&#8221; exclusivement au chocolat noir. 4 tablettes en une avec 4 saveurs diff\u00e9rentes.<\/p>\n<p>Jolie bo\u00eete accompagn\u00e9e d&#8217;un maillet en bois. Pour rompre les soir\u00e9es monotones. Cette plaque de 400 gr de Chocolat se partage seul, en famille ou entre amis&#8230;<\/p>\n","protected":false},"featured_media":11855,"template":"","meta":{"_monsterinsights_skip_tracking":false,"_monsterinsights_sitenote_active":false,"_monsterinsights_sitenote_note":"","_monsterinsights_sitenote_category":0},"product_brand":[],"product_cat":[164],"product_tag":[],"class_list":{"0":"post-11854","1":"product","2":"type-product","3":"status-publish","4":"has-post-thumbnail","6":"product_cat-chocolat-ecole","8":"first","9":"instock","10":"shipping-taxable","11":"purchasable","12":"product-type-simple"},"jetpack_sharing_enabled":true,"_links":{"self":[{"href":"https:\/\/www.lepicerieduphare.fr\/accueil\/wp-json\/wp\/v2\/product\/11854","targetHints":{"allow":["GET"]}}],"collection":[{"href":"https:\/\/www.lepicerieduphare.fr\/accueil\/wp-json\/wp\/v2\/product"}],"about":[{"href":"https:\/\/www.lepicerieduphare.fr\/accueil\/wp-json\/wp\/v2\/types\/product"}],"version-history":[{"count":1,"href":"https:\/\/www.lepicerieduphare.fr\/accueil\/wp-json\/wp\/v2\/product\/11854\/revisions"}],"predecessor-version":[{"id":20495,"href":"https:\/\/www.lepicerieduphare.fr\/accueil\/wp-json\/wp\/v2\/product\/11854\/revisions\/20495"}],"wp:featuredmedia":[{"embeddable":true,"href":"https:\/\/www.lepicerieduphare.fr\/accueil\/wp-json\/wp\/v2\/media\/11855"}],"wp:attachment":[{"href":"https:\/\/www.lepicerieduphare.fr\/accueil\/wp-json\/wp\/v2\/media?parent=11854"}],"wp:term":[{"taxonomy":"product_brand","embeddable":true,"href":"https:\/\/www.lepicerieduphare.fr\/accueil\/wp-json\/wp\/v2\/product_brand?post=11854"},{"taxonomy":"product_cat","embeddable":true,"href":"https:\/\/www.lepicerieduphare.fr\/accueil\/wp-json\/wp\/v2\/product_cat?post=11854"},{"taxonomy":"product_tag","embeddable":true,"href":"https:\/\/www.lepicerieduphare.fr\/accueil\/wp-json\/wp\/v2\/product_tag?post=11854"}],"curies":[{"name":"wp","href":"https:\/\/api.w.org\/{rel}","templated":true}]}}