{"id":11442,"date":"2019-09-08T18:17:13","date_gmt":"2019-09-08T16:17:13","guid":{"rendered":"http:\/\/www.lepicerieduphare.fr\/?post_type=product&#038;p=11442"},"modified":"2022-09-16T17:35:21","modified_gmt":"2022-09-16T15:35:21","slug":"coffret-il-etait-une-fois-rhum-vanille","status":"publish","type":"product","link":"https:\/\/www.lepicerieduphare.fr\/accueil\/produit\/chocolat-brest-idee-cadeaux\/coffret-il-etait-une-fois-rhum-vanille\/","title":{"rendered":"Coffret &#8220;Rhum Vanille&#8221;"},"content":{"rendered":"<p>Un coffret cadeau prestige autour du Rhum* avec : de fabuleux babas, de d\u00e9licieuses cr\u00eapes et une bouteille parfum\u00e9e \u00e0 la vanille. Un coffret d\u2019exception pour une grande d\u00e9gustation !<\/p>\n<p>Coffret compos\u00e9 de mini cr\u00eapes poch\u00e9es dans un sirop de rhum aromatis\u00e9 \u00e0 la vanille, de babas au rhum aromatis\u00e9 \u00e0 la vanille et de rhum aromatis\u00e9 \u00e0 la vanille 30% vol.<\/p>\n<p>Vos produits seront joliment emball\u00e9 par nos soins !<\/p>\n","protected":false},"excerpt":{"rendered":"<p>Le coffret \u00ab\u00a0Il \u00e9tait une fois Rhum Vanille \u00bb \u00e0 d\u00e9couvrir avec les incontournables Baba au Rhum et cr\u00eapes au Rhum du Comptoir de Mathilde.<\/p>\n<p>Une d\u00e9couverte gustative, pour le plaisir des amateurs de Rhum qui souhaitent voyager et d\u00e9couvrir des assortiments \u00e9tonnants.<\/p>\n","protected":false},"featured_media":11443,"template":"","meta":{"_monsterinsights_skip_tracking":false,"_monsterinsights_sitenote_active":false,"_monsterinsights_sitenote_note":"","_monsterinsights_sitenote_category":0},"product_brand":[],"product_cat":[108],"product_tag":[],"class_list":{"0":"post-11442","1":"product","2":"type-product","3":"status-publish","4":"has-post-thumbnail","6":"product_cat-coffrets-cadeaux-brest","8":"first","9":"instock","10":"shipping-taxable","11":"purchasable","12":"product-type-simple"},"jetpack_sharing_enabled":true,"_links":{"self":[{"href":"https:\/\/www.lepicerieduphare.fr\/accueil\/wp-json\/wp\/v2\/product\/11442","targetHints":{"allow":["GET"]}}],"collection":[{"href":"https:\/\/www.lepicerieduphare.fr\/accueil\/wp-json\/wp\/v2\/product"}],"about":[{"href":"https:\/\/www.lepicerieduphare.fr\/accueil\/wp-json\/wp\/v2\/types\/product"}],"version-history":[{"count":1,"href":"https:\/\/www.lepicerieduphare.fr\/accueil\/wp-json\/wp\/v2\/product\/11442\/revisions"}],"predecessor-version":[{"id":20188,"href":"https:\/\/www.lepicerieduphare.fr\/accueil\/wp-json\/wp\/v2\/product\/11442\/revisions\/20188"}],"wp:featuredmedia":[{"embeddable":true,"href":"https:\/\/www.lepicerieduphare.fr\/accueil\/wp-json\/wp\/v2\/media\/11443"}],"wp:attachment":[{"href":"https:\/\/www.lepicerieduphare.fr\/accueil\/wp-json\/wp\/v2\/media?parent=11442"}],"wp:term":[{"taxonomy":"product_brand","embeddable":true,"href":"https:\/\/www.lepicerieduphare.fr\/accueil\/wp-json\/wp\/v2\/product_brand?post=11442"},{"taxonomy":"product_cat","embeddable":true,"href":"https:\/\/www.lepicerieduphare.fr\/accueil\/wp-json\/wp\/v2\/product_cat?post=11442"},{"taxonomy":"product_tag","embeddable":true,"href":"https:\/\/www.lepicerieduphare.fr\/accueil\/wp-json\/wp\/v2\/product_tag?post=11442"}],"curies":[{"name":"wp","href":"https:\/\/api.w.org\/{rel}","templated":true}]}}