{"id":11305,"date":"2019-09-07T15:33:55","date_gmt":"2019-09-07T13:33:55","guid":{"rendered":"http:\/\/www.lepicerieduphare.fr\/?post_type=product&#038;p=11305"},"modified":"2022-09-16T17:36:20","modified_gmt":"2022-09-16T15:36:20","slug":"baba-rhum-caramel-a-la-fleur-de-sel-de-guerande","status":"publish","type":"product","link":"https:\/\/www.lepicerieduphare.fr\/accueil\/produit\/chocolat-brest-idee-cadeaux\/baba-rhum-caramel-a-la-fleur-de-sel-de-guerande\/","title":{"rendered":"Baba Rhum caramel \u00e0 la fleur de sel de Gu\u00e9rande"},"content":{"rendered":"<p>Le \u00abBaba\u00bb est une sp\u00e9cialit\u00e9 chez le Comptoir de Mathilde. Les v\u00e9ritables Babas sont fabriqu\u00e9s dans la plus pure tradition : un savarin d\u00e9licatement imbib\u00e9 au sirop de liqueur. Ainsi, l\u2019\u00e9quipe cr\u00e9ative a d\u00e9velopp\u00e9 une ligne de saveurs qui saura combler tous les gourmands : Les \u00abclassiques\u00bb avec le Baba au Rhum, les amateurs d\u2019\u00e9l\u00e9gance avec l&#8217;Ecorce d&#8217;orange, les amoureux de la finesse avec le Limoncello ou encore les voyageurs adeptes de la chaleur avec le Rhum Vanille des \u00eeles.<\/p>\n<p>340ml : Plus ou moins 12 babas.<\/p>\n","protected":false},"excerpt":{"rendered":"<p>Petit savarin en forme de bouchon impr\u00e9gn\u00e9 de Rhum* vanille au caramel et \u00e0 la fleur de sel de Gu\u00e9rande, le tout pr\u00e9sent\u00e9 dans un bocal d\u00e9coratif.<\/p>\n","protected":false},"featured_media":11307,"template":"","meta":{"_monsterinsights_skip_tracking":false,"_monsterinsights_sitenote_active":false,"_monsterinsights_sitenote_note":"","_monsterinsights_sitenote_category":0},"product_brand":[],"product_cat":[121],"product_tag":[],"class_list":{"0":"post-11305","1":"product","2":"type-product","3":"status-publish","4":"has-post-thumbnail","6":"product_cat-babas-au-rhum","8":"first","9":"instock","10":"shipping-taxable","11":"purchasable","12":"product-type-simple"},"jetpack_sharing_enabled":true,"_links":{"self":[{"href":"https:\/\/www.lepicerieduphare.fr\/accueil\/wp-json\/wp\/v2\/product\/11305","targetHints":{"allow":["GET"]}}],"collection":[{"href":"https:\/\/www.lepicerieduphare.fr\/accueil\/wp-json\/wp\/v2\/product"}],"about":[{"href":"https:\/\/www.lepicerieduphare.fr\/accueil\/wp-json\/wp\/v2\/types\/product"}],"version-history":[{"count":1,"href":"https:\/\/www.lepicerieduphare.fr\/accueil\/wp-json\/wp\/v2\/product\/11305\/revisions"}],"predecessor-version":[{"id":20186,"href":"https:\/\/www.lepicerieduphare.fr\/accueil\/wp-json\/wp\/v2\/product\/11305\/revisions\/20186"}],"wp:featuredmedia":[{"embeddable":true,"href":"https:\/\/www.lepicerieduphare.fr\/accueil\/wp-json\/wp\/v2\/media\/11307"}],"wp:attachment":[{"href":"https:\/\/www.lepicerieduphare.fr\/accueil\/wp-json\/wp\/v2\/media?parent=11305"}],"wp:term":[{"taxonomy":"product_brand","embeddable":true,"href":"https:\/\/www.lepicerieduphare.fr\/accueil\/wp-json\/wp\/v2\/product_brand?post=11305"},{"taxonomy":"product_cat","embeddable":true,"href":"https:\/\/www.lepicerieduphare.fr\/accueil\/wp-json\/wp\/v2\/product_cat?post=11305"},{"taxonomy":"product_tag","embeddable":true,"href":"https:\/\/www.lepicerieduphare.fr\/accueil\/wp-json\/wp\/v2\/product_tag?post=11305"}],"curies":[{"name":"wp","href":"https:\/\/api.w.org\/{rel}","templated":true}]}}