{"id":11300,"date":"2019-09-07T15:25:30","date_gmt":"2019-09-07T13:25:30","guid":{"rendered":"http:\/\/www.lepicerieduphare.fr\/?post_type=product&#038;p=11300"},"modified":"2022-05-18T19:10:53","modified_gmt":"2022-05-18T17:10:53","slug":"coffret-dipettes-apero-7-saveurs","status":"publish","type":"product","link":"https:\/\/www.lepicerieduphare.fr\/accueil\/produit\/chocolat-brest-idee-cadeaux\/coffret-dipettes-apero-7-saveurs\/","title":{"rendered":"Coffret Dipettes Ap\u00e9ro 7 Saveurs"},"content":{"rendered":"<p>Et si vous faisiez &#8220;Mathildette&#8221; \u00e0 l&#8217;Ap\u00e9ro ?<\/p>\n<p>Le Comptoir de Mathilde r\u00e9volutionne l&#8217;ap\u00e9ro et vous propose une palette color\u00e9e de 7 saveurs de Dipettes dans une ambiance bistrot.<\/p>\n<p>A m\u00e9langer en toute simplicit\u00e9 et selon ses envies :<\/p>\n<p>en mode ap\u00e9ro les\u00a0Mathildettes apporteront convivialit\u00e9 et fra\u00eecheur, en mode cuistot elles viendront r\u00e9veiller vos plats et marinades de viandes et poissons !<\/p>\n","protected":false},"excerpt":{"rendered":"<p>Un coffret avec 7 saveurs \u00e0 d\u00e9couvrir : Bombay, Parisienne, Tha\u00eflandaise, Texane, Marrakech, Toscane ou M\u00e9diterran\u00e9enne.<br \/>\nEt si vous faisiez &#8220;Mathildette&#8221; \u00e0 l&#8217;Ap\u00e9ro ?<\/p>\n<p>Le Comptoir de Mathilde r\u00e9volutionne l&#8217;ap\u00e9ro et vous propose une palette color\u00e9e de 7 saveurs de\u00a0Mathildette dans une ambiance bistrot.<\/p>\n<p>&nbsp;<\/p>\n\n","protected":false},"featured_media":11301,"template":"","meta":{"_monsterinsights_skip_tracking":false,"_monsterinsights_sitenote_active":false,"_monsterinsights_sitenote_note":"","_monsterinsights_sitenote_category":0},"product_brand":[],"product_cat":[108],"product_tag":[],"class_list":{"0":"post-11300","1":"product","2":"type-product","3":"status-publish","4":"has-post-thumbnail","6":"product_cat-coffrets-cadeaux-brest","8":"first","9":"instock","10":"shipping-taxable","11":"purchasable","12":"product-type-simple"},"jetpack_sharing_enabled":true,"_links":{"self":[{"href":"https:\/\/www.lepicerieduphare.fr\/accueil\/wp-json\/wp\/v2\/product\/11300","targetHints":{"allow":["GET"]}}],"collection":[{"href":"https:\/\/www.lepicerieduphare.fr\/accueil\/wp-json\/wp\/v2\/product"}],"about":[{"href":"https:\/\/www.lepicerieduphare.fr\/accueil\/wp-json\/wp\/v2\/types\/product"}],"version-history":[{"count":1,"href":"https:\/\/www.lepicerieduphare.fr\/accueil\/wp-json\/wp\/v2\/product\/11300\/revisions"}],"predecessor-version":[{"id":20187,"href":"https:\/\/www.lepicerieduphare.fr\/accueil\/wp-json\/wp\/v2\/product\/11300\/revisions\/20187"}],"wp:featuredmedia":[{"embeddable":true,"href":"https:\/\/www.lepicerieduphare.fr\/accueil\/wp-json\/wp\/v2\/media\/11301"}],"wp:attachment":[{"href":"https:\/\/www.lepicerieduphare.fr\/accueil\/wp-json\/wp\/v2\/media?parent=11300"}],"wp:term":[{"taxonomy":"product_brand","embeddable":true,"href":"https:\/\/www.lepicerieduphare.fr\/accueil\/wp-json\/wp\/v2\/product_brand?post=11300"},{"taxonomy":"product_cat","embeddable":true,"href":"https:\/\/www.lepicerieduphare.fr\/accueil\/wp-json\/wp\/v2\/product_cat?post=11300"},{"taxonomy":"product_tag","embeddable":true,"href":"https:\/\/www.lepicerieduphare.fr\/accueil\/wp-json\/wp\/v2\/product_tag?post=11300"}],"curies":[{"name":"wp","href":"https:\/\/api.w.org\/{rel}","templated":true}]}}