{"id":11297,"date":"2019-09-07T15:19:52","date_gmt":"2019-09-07T13:19:52","guid":{"rendered":"http:\/\/www.lepicerieduphare.fr\/?post_type=product&#038;p=11297"},"modified":"2021-10-04T12:53:23","modified_gmt":"2021-10-04T10:53:23","slug":"coffret-degustation-moutardes-7-x-35g","status":"publish","type":"product","link":"https:\/\/www.lepicerieduphare.fr\/accueil\/produit\/chocolat-brest-idee-cadeaux\/coffret-degustation-moutardes-7-x-35g\/","title":{"rendered":"Coffret D\u00e9gustation Moutardes 7 x 35g"},"content":{"rendered":"<p>A travers cet \u00e9l\u00e9gant coffret, Le Comptoir de Mathilde vous offre un voyage gustatif en 7 saveurs. Au curry, \u00e0 la truffe ou encore au miel de lavande, ces petits pots vous permettront de varier les plaisirs. Elles agr\u00e9menteront parfaitement vos vinaigrettes ou dips de l\u00e9gumes et seront \u00e0 leur apog\u00e9e avec les grillades estivales.<\/p>\n","protected":false},"excerpt":{"rendered":"<p>&nbsp;<\/p>\n<p>Coffret de 7 petits pots de 35g de moutarde. 7 saveurs \u00e0 d\u00e9couvrir pour encore plus de plaisir.<\/p>\n<p>&nbsp;<\/p>\n","protected":false},"featured_media":11298,"template":"","meta":{"_monsterinsights_skip_tracking":false,"_monsterinsights_sitenote_active":false,"_monsterinsights_sitenote_note":"","_monsterinsights_sitenote_category":0},"product_brand":[],"product_cat":[108],"product_tag":[],"class_list":{"0":"post-11297","1":"product","2":"type-product","3":"status-publish","4":"has-post-thumbnail","6":"product_cat-coffrets-cadeaux-brest","8":"first","9":"instock","10":"shipping-taxable","11":"purchasable","12":"product-type-simple"},"jetpack_sharing_enabled":true,"_links":{"self":[{"href":"https:\/\/www.lepicerieduphare.fr\/accueil\/wp-json\/wp\/v2\/product\/11297","targetHints":{"allow":["GET"]}}],"collection":[{"href":"https:\/\/www.lepicerieduphare.fr\/accueil\/wp-json\/wp\/v2\/product"}],"about":[{"href":"https:\/\/www.lepicerieduphare.fr\/accueil\/wp-json\/wp\/v2\/types\/product"}],"version-history":[{"count":0,"href":"https:\/\/www.lepicerieduphare.fr\/accueil\/wp-json\/wp\/v2\/product\/11297\/revisions"}],"wp:featuredmedia":[{"embeddable":true,"href":"https:\/\/www.lepicerieduphare.fr\/accueil\/wp-json\/wp\/v2\/media\/11298"}],"wp:attachment":[{"href":"https:\/\/www.lepicerieduphare.fr\/accueil\/wp-json\/wp\/v2\/media?parent=11297"}],"wp:term":[{"taxonomy":"product_brand","embeddable":true,"href":"https:\/\/www.lepicerieduphare.fr\/accueil\/wp-json\/wp\/v2\/product_brand?post=11297"},{"taxonomy":"product_cat","embeddable":true,"href":"https:\/\/www.lepicerieduphare.fr\/accueil\/wp-json\/wp\/v2\/product_cat?post=11297"},{"taxonomy":"product_tag","embeddable":true,"href":"https:\/\/www.lepicerieduphare.fr\/accueil\/wp-json\/wp\/v2\/product_tag?post=11297"}],"curies":[{"name":"wp","href":"https:\/\/api.w.org\/{rel}","templated":true}]}}